{"id":896,"date":"2023-07-12T03:19:08","date_gmt":"2023-07-12T02:19:08","guid":{"rendered":"https:\/\/hostelfly.com\/?page_id=896"},"modified":"2024-08-05T17:15:39","modified_gmt":"2024-08-05T16:15:39","slug":"condiciones-legales","status":"publish","type":"page","link":"https:\/\/hostelfly.com\/fr\/condiciones-legales\/","title":{"rendered":"Conditions juridiques"},"content":{"rendered":"<p>[et_pb_section fb_built=\u00bb1&#8243; _builder_version=\u00bb4.21.0&#8243; _module_preset=\u00bbdefault\u00bb global_colors_info=\u00bb{}\u00bb][et_pb_row _builder_version=\u00bb4.21.0&#8243; _module_preset=\u00bbdefault\u00bb global_colors_info=\u00bb{}\u00bb][et_pb_column type=\u00bb4_4&#8243; _builder_version=\u00bb4.21.0&#8243; _module_preset=\u00bbdefault\u00bb global_colors_info=\u00bb{}\u00bb][et_pb_text _builder_version=\u00bb4.21.0&#8243; _module_preset=\u00bbdefault\u00bb global_colors_info=\u00bb{}\u00bb]<\/p>\n<h1 class=\"p1\">CONDITIONS JURIDIQUES<\/h1>\n<p class=\"p3\">Les pr\u00e9sentes Conditions G\u00e9n\u00e9rales de R\u00e9servation (ci-apr\u00e8s Conditions G\u00e9n\u00e9rales) r\u00e9giront la relation commerciale qui na\u00eet entre HOSTEL BARAJAS MADRID SL et l'utilisateur ou le client pour la passation de contrat effectu\u00e9e via les formulaires que HOSTEL BARAJAS MADRID SL met \u00e0 disposition sur son site www.hostelfly.com\nLa r\u00e9servation via les sites Web de HOSTEL BARAJAS MADRID SL impliquera l'acceptation expresse, par le client ou l'utilisateur des pages, de ces conditions, ainsi que des conditions d'utilisation \u00e9tablies pour la navigation de l'utilisateur sur les pages appartenant \u00e0 HOSTEL BARAJAS MADRID SL.\nCes conditions s'appliqueront sans pr\u00e9judice de l'application des dispositions l\u00e9gales en la mati\u00e8re applicables \u00e0 chaque cas.\nLes conditions g\u00e9n\u00e9rales de vente r\u00e9gissent la relation de vente \u00e0 distance entre HOSTEL BARAJAS MADRID SL et l'utilisateur ou le client, conform\u00e9ment aux dispositions l\u00e9gales, en particulier la loi 7\/1998 du 13 avril sur les conditions g\u00e9n\u00e9rales de vente, loi 3\/2014 du 27 mars. , qui modifie le texte r\u00e9vis\u00e9 de la loi g\u00e9n\u00e9rale pour la d\u00e9fense des consommateurs et des utilisateurs, la r\u00e9glementation en vigueur sur la protection des donn\u00e9es personnelles, la loi 7\/1996 du 15 janvier de r\u00e9glementation du commerce de d\u00e9tail et la loi 34\/2002 du 11 juillet, sur les services de la soci\u00e9t\u00e9 de l'information et du commerce \u00e9lectronique.\nHOSTEL BARAJAS MADRID SL se r\u00e9serve le droit d'apporter les modifications qu'elle juge appropri\u00e9es, sans pr\u00e9avis, dans les Conditions G\u00e9n\u00e9rales. Lesdites modifications pourront \u00eatre apport\u00e9es, via leurs sites Web, par tous les moyens autoris\u00e9s par la loi et seront obligatoires pendant la dur\u00e9e de leur publication sur le Web et jusqu'\u00e0 ce qu'elles soient valablement modifi\u00e9es par les suivantes. Cependant, HOSTEL BARAJAS MADRID SL se r\u00e9serve le droit d'appliquer, dans certains cas, des Conditions Particuli\u00e8res de Contrat de pr\u00e9f\u00e9rence aux pr\u00e9sentes Conditions G\u00e9n\u00e9rales lorsqu'il le juge appropri\u00e9, en les annon\u00e7ant en temps opportun.\nInformations de pr\u00e9-r\u00e9servation\nHOSTEL BARAJAS MADRID SL informe que la proc\u00e9dure de r\u00e9servation via ses pages Web est d\u00e9taill\u00e9e dans la section correspondante pour la formalisation de la r\u00e9servation.\nDe m\u00eame, HOSTEL BARAJAS MADRID SL informe que l'utilisateur peut avoir acc\u00e8s aux conditions d'utilisation disponibles sur le m\u00eame site.\nPour la r\u00e9servation avec HOSTEL BARAJAS MADRID SL via son site Web, l'utilisateur ou le client d\u00e9clare express\u00e9ment conna\u00eetre, comprendre et accepter lesdites conditions d'utilisation et les conditions g\u00e9n\u00e9rales. De la m\u00eame mani\u00e8re, l'utilisateur d\u00e9clare \u00eatre majeur et avoir la capacit\u00e9 juridique et d'agir n\u00e9cessaire pour acc\u00e9der aux sites Web de HOSTEL BARAJAS MADRID SL et contracter \u00e0 travers eux. L'utilisateur est responsable du traitement confidentiel et responsable de l'identit\u00e9 et du mot de passe obtenus lors de l'inscription en tant que client, et ne peut les transf\u00e9rer \u00e0 un autre.\nUne fois la r\u00e9servation effectu\u00e9e, l'utilisateur verra la confirmation de sa r\u00e9servation \u00e0 l'\u00e9cran, pouvant l'imprimer comme preuve de la r\u00e9servation effectu\u00e9e.\nLa confirmation de r\u00e9servation et le bon de r\u00e9servation (impression faite par l'utilisateur) ne feront pas office de facture.\nFONCTIONNEMENT DE LA RESERVATION\nOffre de r\u00e9servations et r\u00e9f\u00e9rence de prix.\nConform\u00e9ment \u00e0 la r\u00e9glementation en vigueur et, en particulier \u00e0 la loi 34\/2002 sur les services de la soci\u00e9t\u00e9 de l'information et du commerce \u00e9lectronique, HOSTEL BARAJAS MADRID SL propose des informations sur toutes les r\u00e9servations possibles dans la section correspondante pour la formalisation de la r\u00e9servation. , ses caract\u00e9ristiques et ses prix. Cependant, HOSTEL BARAJAS MADRID SL se r\u00e9serve le droit de retirer, remplacer ou modifier les offres propos\u00e9es \u00e0 ses clients via son site Web, en modifiant simplement leur contenu. Ainsi, les produits et\/ou services propos\u00e9s \u00e0 tout moment par le site web de HOSTEL BARAJAS MADRID SL seront r\u00e9gis par les Conditions G\u00e9n\u00e9rales en vigueur dans chaque cas. De m\u00eame, la soci\u00e9t\u00e9 aura le pouvoir de cesser d'offrir, sans pr\u00e9avis et \u00e0 tout moment, l'acc\u00e8s aux produits et\/ou services mentionn\u00e9s.\nIndication des prix.\nChaque r\u00e9servation \u00e9ventuelle propos\u00e9e aura son prix indiqu\u00e9 et s'il comprend la TVA ou toute autre taxe \u00e9ventuellement applicable. Les prix indiqu\u00e9s \u00e0 l'\u00e9cran seront ceux en vigueur \u00e0 tout moment sauf erreur typographique. Lorsque le prix est diff\u00e9rent pour la raison susmentionn\u00e9e, HOSTEL BARAJAS MADRID SL informera le client, par e-mail, avant de proc\u00e9der au paiement de la r\u00e9servation.\nDisponibilit\u00e9.\nLa disponibilit\u00e9 des offres propos\u00e9es par HOSTEL BARAJAS MADRID SL via son site Web peut varier en fonction de la demande des clients. Malgr\u00e9 le fait que HOSTEL BARAJAS MADRID SL met p\u00e9riodiquement \u00e0 jour la base de donn\u00e9es, la r\u00e9servation demand\u00e9e par le client peut \u00eatre compl\u00e8te \u00e0 ce moment-l\u00e0. Dans un tel cas, HOSTEL BARAJAS MADRID SL enverra un e-mail au client l'informant de l'impossibilit\u00e9 de la disponibilit\u00e9 de l'offre.\nModes de paiement.\nHOSTEL BARAJAS MADRID SL demande les d\u00e9tails d'une carte de cr\u00e9dit, titulaire de la r\u00e9servation, pour garantir l'efficacit\u00e9 de la r\u00e9servation via son site Web. Nous vous rappelons que l'\u00e9tablissement ne d\u00e9bite pas votre carte bancaire lors de cette r\u00e9servation. La carte est utilis\u00e9e uniquement comme garantie. L'\u00e9tablissement se r\u00e9serve le droit de v\u00e9rifier la validit\u00e9 de la carte de cr\u00e9dit avant l'arriv\u00e9e du client.\nLe r\u00e8glement de votre s\u00e9jour sera effectu\u00e9 2 jours avant l'heure d'arriv\u00e9e. Lorsque le paiement sera formalis\u00e9, vous recevrez un lien pour les instructions d'arriv\u00e9e avec la cl\u00e9 \u00e9lectronique pour ouvrir les portes correspondantes de l'\u00e9tablissement, de la chambre et de la billetterie.\nHOSTEL BARAJAS MADRID SL ou la marque commerciale HOSTELFLY n'accepte le paiement par carte de cr\u00e9dit ou en esp\u00e8ces qu'\u00e0 la demande expresse du client.\nLe virement bancaire ne sera pas une option valable pour le paiement de votre s\u00e9jour.\nLa facture correspondant \u00e0 la r\u00e9servation sera envoy\u00e9e automatiquement par e-mail apr\u00e8s le d\u00e9part.\nAnnulation de la r\u00e9servation.\nSi l'annulation est faite 72 heures \u00e0 compter du jour d'arriv\u00e9e, l'\u00e9tablissement ne facturera pas. En cas d'annulation de la r\u00e9servation en dehors de ces horaires ou si vous ne vous pr\u00e9sentez pas, nous d\u00e9biterons le montant d'une nuit sur votre carte de cr\u00e9dit et annulerons la r\u00e9servation.\nTarifs non remboursables.\nLes conditions de r\u00e9servation des chambres non remboursables sont diff\u00e9rentes des conditions g\u00e9n\u00e9rales de l'auberge. Le montant total du s\u00e9jour sera d\u00e9bit\u00e9 au moment de la r\u00e9servation. Montant non remboursable. R\u00e9servation sans possibilit\u00e9 de modification ou d'annulation.\nArriv\u00e9e \/ D\u00e9part.\nCheck in \u00e0 partir de 14h00 Check out au plus tard \u00e0 11h00 le jour du d\u00e9part\nRetrait.\nConform\u00e9ment aux dispositions de l'article 103 de la loi 3\/2014 du 27 mars, qui modifie le texte consolid\u00e9 de la loi g\u00e9n\u00e9rale pour la d\u00e9fense des consommateurs et des utilisateurs, les fournitures de services ou de biens effectu\u00e9es conform\u00e9ment aux sp\u00e9cifications du consommateur ou nettement personnalis\u00e9s, ou qui, de par leur nature, ne peuvent \u00eatre r\u00e9exp\u00e9di\u00e9s ou peuvent se d\u00e9t\u00e9riorer ou se p\u00e9rimer rapidement, sont exempt\u00e9s de r\u00e9tractation.\nPROTECTION DE DONN\u00c9ES\nConform\u00e9ment aux dispositions de la r\u00e9glementation en vigueur sur la protection des donn\u00e9es personnelles, nous vous informons que vos donn\u00e9es seront incorpor\u00e9es dans le syst\u00e8me de traitement appartenant \u00e0 HOSTEL BARAJAS MADRID SL avec CIF B88406012 et si\u00e8ge social \u00e0 CALLE CALDERA 11 28042, MADRID (MADRID) , afin de faciliter, d'acc\u00e9l\u00e9rer et de respecter les engagements pris entre les deux parties. Conform\u00e9ment \u00e0 la r\u00e9glementation en vigueur, HOSTEL BARAJAS MADRID SL informe que les donn\u00e9es seront conserv\u00e9es pendant la p\u00e9riode strictement n\u00e9cessaire pour se conformer aux pr\u00e9ceptes susmentionn\u00e9s.\nHOSTEL BARAJAS MADRID SL informe qu'il proc\u00e9dera au traitement des donn\u00e9es de mani\u00e8re licite, loyale, transparente, ad\u00e9quate, pertinente, limit\u00e9e, exacte et mise \u00e0 jour. C'est pourquoi HOSTEL BARAJAS MADRID SL s'engage \u00e0 adopter toutes les mesures raisonnables pour que celles-ci soient supprim\u00e9es ou rectifi\u00e9es sans d\u00e9lai lorsqu'elles sont inexactes.\nConform\u00e9ment aux droits conf\u00e9r\u00e9s par la r\u00e9glementation en vigueur sur la protection des donn\u00e9es, vous pouvez exercer les droits d'acc\u00e8s, de rectification, de limitation de traitement, de suppression, de portabilit\u00e9 et d'opposition au traitement de vos donn\u00e9es personnelles ainsi que le consentement donn\u00e9 pour le traitement de de m\u00eame, en adressant votre demande \u00e0 l'adresse postale indiqu\u00e9e ci-dessus ou \u00e0 l'e-mail madrid@hostelfly.com.\nVous pouvez contacter l'autorit\u00e9 de contr\u00f4le comp\u00e9tente pour pr\u00e9senter la r\u00e9clamation que vous jugez appropri\u00e9e.\nLOI APPLICABLE ET JURIDICTION\nDe m\u00eame, HOSTEL BARAJAS MADRID SL se r\u00e9serve le droit de pr\u00e9senter des actions civiles ou p\u00e9nales qu'il juge appropri\u00e9es pour l'utilisation abusive de son site Web et de son contenu ou pour violation de ces conditions.\nLa relation entre l'utilisateur et le fournisseur sera r\u00e9gie par la r\u00e9glementation en vigueur et applicable sur le territoire espagnol. En cas de litige, les parties peuvent soumettre leurs conflits \u00e0 l'arbitrage ou saisir la juridiction de droit commun, en respectant les r\u00e8gles de juridiction et de comp\u00e9tence en la mati\u00e8re. HOSTEL BARAJAS MADRID SL est domicili\u00e9 \u00e0 MADRID, Espagne<\/p>\n<p class=\"p3\"><span><\/span><\/p>\n<p class=\"p3\"><span><\/span><\/p>\n<p class=\"p3\"><span><\/span><\/p>\n<p class=\"p3\"><span><\/span><\/p>\n<p class=\"p3\"><span><\/span><\/p>\n<p class=\"p3\"><span><\/span><\/p>\n<p class=\"p3\"><span><\/span><\/p>\n<p class=\"p3\"><span><\/span><\/p>\n<p class=\"p3\"><span><\/span><\/p>\n<p class=\"p3\"><span><\/span><\/p>\n<p class=\"p3\"><span><\/span><\/p>\n<p class=\"p3\"><span><\/span><\/p>\n<p class=\"p3\"><span><\/span><\/p>\n<p class=\"p3\"><span><\/span><\/p>\n<p class=\"p3\"><span><\/span><\/p>\n<p class=\"p3\"><span><\/span><\/p>\n<p class=\"p3\"><span><\/span><\/p>\n<p class=\"p3\"><span><\/span><\/p>\n<p class=\"p3\"><span><\/span><\/p>\n<p class=\"p3\"><span><\/span><\/p>\n<p class=\"p3\"><span><\/span><\/p>\n<p class=\"p3\"><span><\/span><\/p>\n<p class=\"p3\"><span><\/span><\/p>\n<p class=\"p3\"><span><\/span><\/p>\n<p class=\"p3\"><span><\/span><\/p>\n<p class=\"p3\"><span><\/span><\/p>\n<p class=\"p3\"><span><\/span><\/p>\n<p class=\"p3\"><span><\/span><\/p>\n<p class=\"p3\"><span><\/span><\/p>\n<p class=\"p3\"><span><\/span><\/p>\n<p class=\"p3\"><span><\/span><\/p>\n<p class=\"p3\"><span><\/span><\/p>\n<p class=\"p3\"><span><\/span><\/p>\n<p class=\"p3\"><span><\/span><\/p>\n<p class=\"p3\"><span><\/span><\/p>\n<p class=\"p3\"><span><\/span><\/p>\n<p class=\"p3\"><span><\/span><\/p>\n<p class=\"p3\"><span><\/span><\/p>\n<p class=\"p3\"><span><\/span><\/p>\n<p>[\/et_pb_text][\/et_pb_column][\/et_pb_row][\/et_pb_section]<\/p>","protected":false},"excerpt":{"rendered":"<p>CONDICIONES LEGALES Las presentes Condiciones Generales de Reserva (en adelante Condiciones Generales) regular\u00e1n la relaci\u00f3n comercial que surja entre HOSTEL BARAJAS MADRID SL y el usuario o cliente por la contrataci\u00f3n realizada a trav\u00e9s de los formularios que HOSTEL BARAJAS MADRID SL pone a su disposici\u00f3n en su website www.hostelfly.com La reserva a trav\u00e9s de [&hellip;]<\/p>","protected":false},"author":1,"featured_media":0,"parent":0,"menu_order":0,"comment_status":"closed","ping_status":"closed","template":"","meta":{"_et_pb_use_builder":"on","_et_pb_old_content":"<!-- wp:divi\/placeholder \/-->","_et_gb_content_width":"","_joinchat":[],"footnotes":""},"class_list":["post-896","page","type-page","status-publish","hentry"],"_links":{"self":[{"href":"https:\/\/hostelfly.com\/fr\/wp-json\/wp\/v2\/pages\/896","targetHints":{"allow":["GET"]}}],"collection":[{"href":"https:\/\/hostelfly.com\/fr\/wp-json\/wp\/v2\/pages"}],"about":[{"href":"https:\/\/hostelfly.com\/fr\/wp-json\/wp\/v2\/types\/page"}],"author":[{"embeddable":true,"href":"https:\/\/hostelfly.com\/fr\/wp-json\/wp\/v2\/users\/1"}],"replies":[{"embeddable":true,"href":"https:\/\/hostelfly.com\/fr\/wp-json\/wp\/v2\/comments?post=896"}],"version-history":[{"count":3,"href":"https:\/\/hostelfly.com\/fr\/wp-json\/wp\/v2\/pages\/896\/revisions"}],"predecessor-version":[{"id":985,"href":"https:\/\/hostelfly.com\/fr\/wp-json\/wp\/v2\/pages\/896\/revisions\/985"}],"wp:attachment":[{"href":"https:\/\/hostelfly.com\/fr\/wp-json\/wp\/v2\/media?parent=896"}],"curies":[{"name":"wp","href":"https:\/\/api.w.org\/{rel}","templated":true}]}}