{"id":892,"date":"2023-07-12T03:18:20","date_gmt":"2023-07-12T02:18:20","guid":{"rendered":"https:\/\/hostelfly.com\/?page_id=892"},"modified":"2024-08-05T17:03:28","modified_gmt":"2024-08-05T16:03:28","slug":"aviso-legal","status":"publish","type":"page","link":"https:\/\/hostelfly.com\/fr\/aviso-legal\/","title":{"rendered":"Avis juridique"},"content":{"rendered":"<p>[et_pb_section fb_built=\u00bb1&#8243; theme_builder_area=\u00bbpost_content\u00bb _builder_version=\u00bb4.21.0&#8243; _module_preset=\u00bbdefault\u00bb][et_pb_row _builder_version=\u00bb4.21.0&#8243; _module_preset=\u00bbdefault\u00bb theme_builder_area=\u00bbpost_content\u00bb][et_pb_column _builder_version=\u00bb4.21.0&#8243; _module_preset=\u00bbdefault\u00bb type=\u00bb4_4&#8243; theme_builder_area=\u00bbpost_content\u00bb][et_pb_text _builder_version=\u00bb4.21.0&#8243; _module_preset=\u00bbdefault\u00bb theme_builder_area=\u00bbpost_content\u00bb hover_enabled=\u00bb0&#8243; sticky_enabled=\u00bb0&#8243;]<\/p>\n<h1 class=\"p1\">Avis juridique<\/h1>\n<p class=\"p3 translation-block\">Conform\u00e9ment \u00e0 la loi 34\/2002 du 11 juillet sur les services de la soci\u00e9t\u00e9 de l'information et du commerce \u00e9lectronique (LSSI-CE), HOSTEL BARAJAS MADRID SL informe qu'il est le propri\u00e9taire du site Web www.hostelfly.com D'accord avec l'exigence de article 10 de la loi susmentionn\u00e9e, HOSTEL BARAJAS MADRID SL informe des informations suivantes :\nLe propri\u00e9taire de ce site Web est HOSTEL BARAJAS MADRID SL, avec CIF B88406012 et si\u00e8ge social \u00e0 CALLE CALDERA 11 28042, BARAJAS DE MADRID (MADRID), enregistr\u00e9 au Registre du Commerce, au volume 39.290, page 160, page M-697.814 et inscription 1 L'adresse e-mail de contact de l'entreprise est : madrid@hostelfly.com.\n1. Utilisateur et r\u00e9gime des responsabilit\u00e9s\nLa navigation, l'acc\u00e8s et l'utilisation du site Web de HOSTEL BARAJAS MADRID SL conf\u00e8rent la condition d'utilisateur, par laquelle, \u00e0 partir de la navigation sur le site Web de HOSTEL BARAJAS MADRID SL, toutes les conditions d'utilisation \u00e9tablies ici sont accept\u00e9es sans pr\u00e9judice de l'application des r\u00e9glementations correspondantes d'obligation conformit\u00e9 l\u00e9gale selon le cas.\nLe site Web de HOSTEL BARAJAS MADRID SL fournit une large gamme d'informations, de services et de donn\u00e9es. L'utilisateur assume sa responsabilit\u00e9 quant \u00e0 l'utilisation correcte du site Web. Cette responsabilit\u00e9 s'\u00e9tendra \u00e0 :\n\u00a7 La v\u00e9racit\u00e9 et la l\u00e9galit\u00e9 des informations fournies par l'utilisateur dans les formulaires \u00e9mis par HOSTEL BARAJAS MADRID SL pour l'acc\u00e8s \u00e0 certains contenus ou services offerts par le web.\n\u00a7 L'utilisation des informations, services et donn\u00e9es offerts par HOSTEL BARAJAS MADRID SL contrairement aux dispositions des pr\u00e9sentes conditions, \u00e0 la loi, \u00e0 la morale, aux bonnes m\u0153urs ou \u00e0 l'ordre public, ou qui de toute autre mani\u00e8re peut impliquer une atteinte aux droits de tiers ou le fonctionnement du site Web lui-m\u00eame.\n2. Politique de lien et clauses de non-responsabilit\u00e9\nHOSTEL BARAJAS MADRID SL n'est pas responsable du contenu des sites Web auxquels l'utilisateur peut acc\u00e9der via les liens \u00e9tablis sur son site Web et d\u00e9clare qu'en aucun cas il ne proc\u00e9dera \u00e0 l'examen ou \u00e0 l'exercice de tout type de contr\u00f4le sur le contenu des autres sites Web. De m\u00eame, il ne garantira pas la disponibilit\u00e9 technique, l'exactitude, la v\u00e9racit\u00e9, la validit\u00e9 ou la l\u00e9galit\u00e9 des sites ext\u00e9rieurs \u00e0 sa propri\u00e9t\u00e9 accessibles via les liens.\nHOSTEL BARAJAS MADRID SL d\u00e9clare avoir adopt\u00e9 toutes les mesures n\u00e9cessaires pour \u00e9viter tout dommage aux utilisateurs de son site Web, pouvant r\u00e9sulter de la navigation sur son site Web. Par cons\u00e9quent, HOSTEL BARAJAS MADRID SL n'est en aucun cas responsable des dommages que l'utilisateur pourrait subir en naviguant sur Internet.\n\n3. Modifications\nHOSTEL BARAJAS MADRID SL se r\u00e9serve le droit d'apporter les modifications qu'elle juge appropri\u00e9es, sans pr\u00e9avis, au contenu de son site Web. Tant en ce qui concerne le contenu du site Web, que dans les conditions d'utilisation de celui-ci, ou dans les conditions contractuelles g\u00e9n\u00e9rales. Lesdites modifications peuvent \u00eatre apport\u00e9es via son site Web par tous les moyens autoris\u00e9s par la loi et seront obligatoires pendant la dur\u00e9e de leur publication sur le Web et jusqu'\u00e0 ce qu'elles soient valablement modifi\u00e9es par les suivantes.\n4. Services de r\u00e9servation par Internet\nCertains contenus du site HOSTEL BARAJAS MADRID SL contiennent la possibilit\u00e9 de faire des r\u00e9servations en ligne. L'utilisation de celui-ci n\u00e9cessitera la lecture et l'acceptation obligatoires des conditions g\u00e9n\u00e9rales de r\u00e9servation \u00e9tablies \u00e0 cet effet par HOSTEL BARAJAS MADRID SL.\n5. Protection des donn\u00e9es\nConform\u00e9ment aux dispositions de la r\u00e9glementation en vigueur sur la protection des donn\u00e9es personnelles, nous vous informons que vos donn\u00e9es seront incorpor\u00e9es dans le syst\u00e8me de traitement appartenant \u00e0 HOSTEL BARAJAS MADRID SL, avec CIF B88406012 et si\u00e8ge social \u00e0 CALLE CALDERA 11 28042, BARAJAS DE MADRID (MADRID), afin de faciliter, d'acc\u00e9l\u00e9rer et de respecter les engagements \u00e9tablis entre les deux parties. Conform\u00e9ment \u00e0 la r\u00e9glementation en vigueur, HOSTEL BARAJAS MADRID SL informe que les donn\u00e9es seront conserv\u00e9es pendant la p\u00e9riode strictement n\u00e9cessaire pour se conformer aux pr\u00e9ceptes susmentionn\u00e9s.\nHOSTEL BARAJAS MADRID SL informe qu'il proc\u00e9dera au traitement des donn\u00e9es de mani\u00e8re licite, loyale, transparente, ad\u00e9quate, pertinente, limit\u00e9e, exacte et mise \u00e0 jour. C'est pourquoi HOSTEL BARAJAS MADRID SL s'engage \u00e0 adopter toutes les mesures raisonnables pour que celles-ci soient supprim\u00e9es ou rectifi\u00e9es sans d\u00e9lai lorsqu'elles sont inexactes.\nConform\u00e9ment aux droits conf\u00e9r\u00e9s par la r\u00e9glementation en vigueur sur la protection des donn\u00e9es, vous pouvez exercer les droits d'acc\u00e8s, de rectification, de limitation de traitement, de suppression, de portabilit\u00e9 et d'opposition au traitement de vos donn\u00e9es personnelles ainsi que le consentement donn\u00e9 pour le traitement de de m\u00eame, en adressant votre demande \u00e0 l'adresse postale indiqu\u00e9e ci-dessus ou \u00e0 l'e-mail madrid@hostelfly.com\nVous pouvez contacter l'autorit\u00e9 de contr\u00f4le comp\u00e9tente pour pr\u00e9senter la r\u00e9clamation que vous jugez appropri\u00e9e.\n6. Certificat SSL (Secure Sockets Layer)\nLe CERTIFICAT SSL assure l'authentification, la confidentialit\u00e9 et la s\u00e9curit\u00e9 des informations entre HOSTEL BARAJAS MADRID SL et l'utilisateur.\nHOSTEL BARAJAS MADRID SL dispose d'un certificat de s\u00e9curit\u00e9 utilis\u00e9 par SSL CERTIFICATE pour \u00e9tablir des connexions s\u00e9curis\u00e9es.\nDans ce processus, plusieurs param\u00e8tres sont \u00e9tablis pour s\u00e9curiser la connexion et celle-ci est \u00e9tablie \u00e0 l'aide de cl\u00e9s pr\u00e9\u00e9tablies, encodant et d\u00e9codant toutes les donn\u00e9es envoy\u00e9es jusqu'\u00e0 ce que la connexion soit ferm\u00e9e.\n7. Propri\u00e9t\u00e9 intellectuelle et industrielle\nHOSTEL BARAJAS MADRID SL, seul ou en tant que cessionnaire, est propri\u00e9taire de tous les droits de propri\u00e9t\u00e9 intellectuelle et industrielle de son site Web, ainsi que des \u00e9l\u00e9ments qu'il contient (par exemple, images, sons, audio, vid\u00e9o, logiciels ou textes ; marques ou logos, combinaisons de couleurs, structure et design, choix des mat\u00e9riaux utilis\u00e9s, programmes de\nordinateur n\u00e9cessaire \u00e0 son fonctionnement, acc\u00e8s et utilisation, etc.), propri\u00e9t\u00e9 de HOSTEL BARAJAS MADRID SL. Il s'agira donc d'\u0153uvres prot\u00e9g\u00e9es en tant que propri\u00e9t\u00e9 intellectuelle par le syst\u00e8me juridique espagnol, les r\u00e9glementations espagnole et communautaire dans ce domaine \u00e9tant applicables, ainsi que les trait\u00e9s internationaux relatifs \u00e0 la mati\u00e8re et sign\u00e9s par l'Espagne.\nTous droits r\u00e9serv\u00e9s. En vertu des dispositions de la loi sur la propri\u00e9t\u00e9 intellectuelle, la reproduction, la distribution et la communication publique, y compris le mode de mise \u00e0 disposition, de tout ou partie du contenu de ce site Web, \u00e0 des fins commerciales, sont express\u00e9ment interdites sur tout support et par tout moyen technique, sans l'autorisation de HOSTEL BARAJAS MADRID SL.\nL'utilisateur s'engage \u00e0 respecter les droits de propri\u00e9t\u00e9 intellectuelle et industrielle d\u00e9tenus par HOSTEL BARAJAS MADRID SL. Vous pourrez visualiser les \u00e9l\u00e9ments du portail et m\u00eame les imprimer, les copier et les stocker sur le disque dur de votre ordinateur ou sur tout autre support physique tant que ce sera uniquement et exclusivement pour votre usage personnel et priv\u00e9. L'utilisateur doit s'abstenir de supprimer, modifier, \u00e9luder ou manipuler tout dispositif de protection ou syst\u00e8me de s\u00e9curit\u00e9 install\u00e9 sur les pages de HOSTEL BARAJAS MADRID SL.\n8. Actions en justice, droit applicable et juridiction\nHOSTEL BARAJAS MADRID SL se r\u00e9serve \u00e9galement le droit d'intenter des actions civiles ou p\u00e9nales qu'il juge appropri\u00e9es pour l'utilisation abusive de son site Web et de son contenu, ou pour violation de ces conditions.\nLa relation entre l'utilisateur et le fournisseur sera r\u00e9gie par la r\u00e9glementation en vigueur et applicable sur le territoire espagnol. En cas de litige, les parties peuvent soumettre leurs conflits \u00e0 l'arbitrage ou saisir la juridiction de droit commun, en respectant les r\u00e8gles de juridiction et de comp\u00e9tence en la mati\u00e8re. HOSTEL BARAJAS MADRID SL est domicili\u00e9 \u00e0 MADRID, Espagne<\/p>\n<p class=\"p3\"><span><\/span><\/p>\n<p class=\"p3\"><span><\/span><\/p>\n<p class=\"p3\"><span><\/span><\/p>\n<p class=\"p3\"><span><\/span><\/p>\n<p class=\"p3\"><span><\/span><\/p>\n<p class=\"p3\"><span><\/span><\/p>\n<p class=\"p3\"><span><\/span><\/p>\n<p class=\"p3\"><span><\/span><\/p>\n<p class=\"p3\"><span><\/span><\/p>\n<p class=\"p3\"><span><\/span><\/p>\n<p class=\"p3\"><span><\/span><\/p>\n<p class=\"p3\"><span><\/span><\/p>\n<p class=\"p3\"><span><\/span><\/p>\n<p class=\"p3\"><span><\/span><\/p>\n<p class=\"p3\"><span><\/span><\/p>\n<p class=\"p3\"><span><\/span><\/p>\n<p class=\"p3\"><span><\/span><\/p>\n<p class=\"p3\"><span><\/span><\/p>\n<p class=\"p3\"><span><\/span><\/p>\n<p class=\"p3\"><span><\/span><\/p>\n<p class=\"p3\"><span><\/span><\/p>\n<p class=\"p3\"><span><\/span><\/p>\n<p class=\"p3\"><span><\/span><\/p>\n<p class=\"p3\"><span><\/span><\/p>\n<p class=\"p3\"><span><\/span><\/p>\n<p class=\"p3\"><span><\/span><\/p>\n<p class=\"p3\"><span><\/span><\/p>\n<p class=\"p3\"><span><\/span><\/p>\n<p class=\"p3\"><span><\/span><\/p>\n<p class=\"p3\"><span><\/span><\/p>\n<p>[\/et_pb_text][\/et_pb_column][\/et_pb_row][\/et_pb_section]<\/p>","protected":false},"excerpt":{"rendered":"<p>AVISO LEGAL En cumplimiento de la Ley 34\/2002, de 11 de julio, de Servicios de la Sociedad de la Informaci\u00f3n y de Comercio Electr\u00f3nico (LSSI-CE), HOSTEL BARAJAS MADRID SL informa que es titular del sitio web\u00a0www.hostelfly.com\u00a0\u00a0De acuerdo con la exigencia del art\u00edculo 10 de la citada Ley, HOSTEL BARAJAS MADRID SL informa de los siguientes [&hellip;]<\/p>","protected":false},"author":1,"featured_media":0,"parent":0,"menu_order":0,"comment_status":"closed","ping_status":"closed","template":"","meta":{"_et_pb_use_builder":"on","_et_pb_old_content":"<!-- wp:divi\/placeholder \/-->","_et_gb_content_width":"","_joinchat":[],"footnotes":""},"class_list":["post-892","page","type-page","status-publish","hentry"],"_links":{"self":[{"href":"https:\/\/hostelfly.com\/fr\/wp-json\/wp\/v2\/pages\/892","targetHints":{"allow":["GET"]}}],"collection":[{"href":"https:\/\/hostelfly.com\/fr\/wp-json\/wp\/v2\/pages"}],"about":[{"href":"https:\/\/hostelfly.com\/fr\/wp-json\/wp\/v2\/types\/page"}],"author":[{"embeddable":true,"href":"https:\/\/hostelfly.com\/fr\/wp-json\/wp\/v2\/users\/1"}],"replies":[{"embeddable":true,"href":"https:\/\/hostelfly.com\/fr\/wp-json\/wp\/v2\/comments?post=892"}],"version-history":[{"count":3,"href":"https:\/\/hostelfly.com\/fr\/wp-json\/wp\/v2\/pages\/892\/revisions"}],"predecessor-version":[{"id":984,"href":"https:\/\/hostelfly.com\/fr\/wp-json\/wp\/v2\/pages\/892\/revisions\/984"}],"wp:attachment":[{"href":"https:\/\/hostelfly.com\/fr\/wp-json\/wp\/v2\/media?parent=892"}],"curies":[{"name":"wp","href":"https:\/\/api.w.org\/{rel}","templated":true}]}}