{"id":888,"date":"2023-07-12T03:16:47","date_gmt":"2023-07-12T02:16:47","guid":{"rendered":"https:\/\/hostelfly.com\/?page_id=888"},"modified":"2026-03-27T13:56:31","modified_gmt":"2026-03-27T12:56:31","slug":"informacion-general","status":"publish","type":"page","link":"https:\/\/hostelfly.com\/fr\/informacion-general\/","title":{"rendered":"Informations g\u00e9n\u00e9rales"},"content":{"rendered":"<p>[et_pb_section fb_built=\u00bb1&#8243; _builder_version=\u00bb4.21.0&#8243; _module_preset=\u00bbdefault\u00bb global_colors_info=\u00bb{}\u00bb][et_pb_row _builder_version=\u00bb4.21.0&#8243; _module_preset=\u00bbdefault\u00bb global_colors_info=\u00bb{}\u00bb][et_pb_column type=\u00bb4_4&#8243; _builder_version=\u00bb4.21.0&#8243; _module_preset=\u00bbdefault\u00bb global_colors_info=\u00bb{}\u00bb][et_pb_text _builder_version=\u00bb4.21.0&#8243; _module_preset=\u00bbdefault\u00bb global_colors_info=\u00bb{}\u00bb]<\/p>\n<h1 class=\"p1\">INFORMACION GENERAL<\/h1>\n<p class=\"p1 translation-block\">Nous vous recommandons de r\u00e9server via notre site web avec le code de r\u00e9duction PROMO10 sur www.hostelfly.com.<\/p>\n<p class=\"p1\">L'acc\u00e8s \u00e0 HOSTELFLY MADRID AIRPORT est ouvert 24 heures sur 24. L'acc\u00e8s se fait de mani\u00e8re totalement ind\u00e9pendante depuis votre appareil mobile gr\u00e2ce \u00e0 la cl\u00e9 \u00e9lectronique fournie apr\u00e8s avoir effectu\u00e9 l'enregistrement en ligne obligatoire, qui vous sera envoy\u00e9 \u00e0 l'adresse e-mail que vous avez fournie lors de la r\u00e9servation.<br \/>\nEnregistrement : \u00e0 partir de 14h. Les clients arrivant avant 14h seront invit\u00e9s \u00e0 laisser leurs bagages, s'ils le souhaitent, dans la salle des bagages, mais l'acc\u00e8s aux chambres ne sera pas accord\u00e9 avant 14h.<br \/>\nD\u00e9part : \u00e0 11h (sinon, vous devrez payer une nuit suppl\u00e9mentaire). \u00c0 ce moment-l\u00e0, tous les effets personnels doivent \u00eatre retir\u00e9s de la chambre. Si vous avez besoin de stocker vos bagages le jour du d\u00e9part, vous pouvez utiliser notre salle des bagages. Si votre d\u00e9part est retard\u00e9, vous devrez payer une nuit suppl\u00e9mentaire, donc veillez \u00e0 \u00eatre pr\u00eat \u00e0 temps.<br \/>\nLes lumi\u00e8res de la chambre s'allument automatiquement \u00e0 8h et s'\u00e9teignent \u00e0 23h. Les heures de repos sont de 22h \u00e0 10h. Veuillez respecter le sommeil de tous.<br \/>\nLes enfants de moins de 18 ans occupent toujours un lit s\u00e9par\u00e9 et ne peuvent pas le partager avec leurs parents\/tuteurs l\u00e9gaux. Ils doivent toujours \u00eatre surveill\u00e9s et accompagn\u00e9s par un adulte.<br \/>\nLa zone commune est disponible jusqu'\u00e0 23h. La terrasse, y compris la piscine, est ouverte de 9h \u00e0 22h (si disponible). Les mineurs utilisant la piscine doivent toujours \u00eatre accompagn\u00e9s et surveill\u00e9s par un adulte responsable, sous leur responsabilit\u00e9.<br \/>\nSi vous avez demand\u00e9 des cartes de chambre, vous pouvez les obtenir \u00e0 la r\u00e9ception (des frais de 3 \u20ac seront factur\u00e9s en cas de perte de la carte).<br \/>\nIl est interdit de manger et de boire dans les chambres.<br \/>\nIl est interdit de fumer dans toutes les zones de l'auberge, sauf sur la terrasse.<br \/>\nVeuillez maintenir les couloirs propres.<br \/>\nUtilisez votre casier pour ranger vos bagages. Si vous avez besoin de plus d'espace, vous pouvez utiliser notre salle des bagages.<br \/>\nVeuillez n'utiliser que votre lit assign\u00e9. Le personnel retirera les effets personnels d'un lit non occup\u00e9. Si vous avez besoin de changer de lit, veuillez en informer le personnel. Il est interdit de changer de lit ou de casier sans permission du personnel.<br \/>\nLa dur\u00e9e de s\u00e9jour maximale est de 10 jours dans notre \u00e9tablissement.<br \/>\nSeuls les clients enregistr\u00e9s sont autoris\u00e9s dans les chambres et \u00e0 utiliser les installations et \u00e9quipements.<br \/>\nEspace cuisine : Lavez la vaisselle apr\u00e8s utilisation. Conservez tous les aliments dans un sac avec l'\u00e9tiquette de votre chambre, num\u00e9ro de lit et date de d\u00e9part. Les aliments non \u00e9tiquet\u00e9s seront jet\u00e9s. La cuisine est ferm\u00e9e de 23h \u00e0 7h.<br \/>\nEffets personnels : Des casiers s\u00e9curis\u00e9s sont situ\u00e9s \u00e0 c\u00f4t\u00e9 de chaque lit dans votre chambre. Il est de votre responsabilit\u00e9 de veiller \u00e0 la s\u00e9curit\u00e9 de vos effets personnels en tout temps, et HostelFly d\u00e9cline toute responsabilit\u00e9 en cas de perte, de vol ou de dommage aux biens des clients, quelles que soient les circonstances.\nHostelFly se r\u00e9serve le droit de facturer \u00e0 l'h\u00f4te tout dommage caus\u00e9 par un comportement inappropri\u00e9 pendant le s\u00e9jour.<br \/>\nNous attendons de nos clients qu'ils respectent les autres clients, le personnel, les r\u00e9sidents locaux et les biens de l'\u00e9tablissement. HostelFly se r\u00e9serve le droit d'admission et\/ou de maintien en cas de non-respect des r\u00e8gles. Les clients qui ne respectent pas les r\u00e8gles de l'auberge ou les normes de vie avec les autres clients ou le personnel peuvent \u00eatre expuls\u00e9s SANS AUCUN REMBOURSEMENT.<br \/>\nSi vous avez besoin d'une place de parking, la zone est s\u00e9curis\u00e9e et gratuite. Si vous avez besoin d'une place de parking, nous en proposons. Il est n\u00e9cessaire de r\u00e9server \u00e0 l'avance.<br \/>\nLe service de nettoyage est effectu\u00e9 de 9h \u00e0 16h. Un nettoyage quotidien est effectu\u00e9 dans toutes les chambres, les draps sont chang\u00e9s uniquement le jour du d\u00e9part.<br \/>\nNotre personnel d'entretien v\u00e9rifie votre chambre tous les jours. Si vous remarquez quelque chose d'endommag\u00e9 ou hors service, ou si vous avez besoin de recommandations pour manger, visiter ou si vous avez des questions pendant votre s\u00e9jour, vous pouvez contacter notre r\u00e9ception ouverte 24 heures sur 24.<\/p>\n<p class=\"p1\"><span><\/span><\/p>\n<p class=\"p1\"><span><\/span><\/p>\n<p class=\"p1\"><span><\/span><\/p>\n<p class=\"p1\">No se admiten menores de edad. Excepcionalmente, podr\u00e1n alojarse siempre que se reserve la habitaci\u00f3n completa.<\/p>\n<p class=\"p1\">En el caso de personas adultas sujetas a tutela legal, ser\u00e1 obligatorio que el tutor o responsable legal se aloje durante la totalidad de la estancia<\/p>\n<p class=\"p1\"><span><\/span><\/p>\n<p class=\"p1\"><span><\/span><\/p>\n<p class=\"p1\">Il est interdit de boire ou de manger \u00e0 l'int\u00e9rieur des chambres.<\/p>\n<p class=\"p1\"><span><\/span><\/p>\n<p class=\"p1\"><span><\/span><\/p>\n<p class=\"p1\"><span><\/span><\/p>\n<p class=\"p1\"><span><\/span><\/p>\n<p class=\"p1\">La estancia m\u00e1xima en nuestro establecimiento es de 7 d\u00edas.<\/p>\n<p class=\"p1\"><span><\/span><\/p>\n<p class=\"p1\"><span><\/span><\/p>\n<p class=\"p1\"><span><\/span><\/p>\n<p class=\"p1\"><span><\/span><\/p>\n<p class=\"p1\"><span><\/span><\/p>\n<p class=\"p1\">Si necesitas una plaza de aparcamiento, la zona es segura y no tiene costo.<\/p>\n<p class=\"p1\"><span><\/span><\/p>\n<p class=\"p2\"><span><\/span><\/p>\n<p>[\/et_pb_text][\/et_pb_column][\/et_pb_row][\/et_pb_section]<\/p>","protected":false},"excerpt":{"rendered":"<p>INFORMACION GENERAL Te recomendamos que hagas tu reserva en nuestro sitio web utilizando el cup\u00f3n de descuento PROMO10 www.hostelfly.com. HOSTELFLY MADRID AIRPORT est\u00e1 abierto las 24 horas del d\u00eda. El acceso se realiza de forma totalmente independiente a trav\u00e9s de tu dispositivo m\u00f3vil utilizando la llave electr\u00f3nica que recibir\u00e1s una vez que completes el registro [&hellip;]<\/p>","protected":false},"author":1,"featured_media":0,"parent":0,"menu_order":0,"comment_status":"closed","ping_status":"closed","template":"","meta":{"_et_pb_use_builder":"on","_et_pb_old_content":"<!-- wp:divi\/placeholder \/-->","_et_gb_content_width":"","_joinchat":[],"footnotes":""},"class_list":["post-888","page","type-page","status-publish","hentry"],"_links":{"self":[{"href":"https:\/\/hostelfly.com\/fr\/wp-json\/wp\/v2\/pages\/888","targetHints":{"allow":["GET"]}}],"collection":[{"href":"https:\/\/hostelfly.com\/fr\/wp-json\/wp\/v2\/pages"}],"about":[{"href":"https:\/\/hostelfly.com\/fr\/wp-json\/wp\/v2\/types\/page"}],"author":[{"embeddable":true,"href":"https:\/\/hostelfly.com\/fr\/wp-json\/wp\/v2\/users\/1"}],"replies":[{"embeddable":true,"href":"https:\/\/hostelfly.com\/fr\/wp-json\/wp\/v2\/comments?post=888"}],"version-history":[{"count":4,"href":"https:\/\/hostelfly.com\/fr\/wp-json\/wp\/v2\/pages\/888\/revisions"}],"predecessor-version":[{"id":1006,"href":"https:\/\/hostelfly.com\/fr\/wp-json\/wp\/v2\/pages\/888\/revisions\/1006"}],"wp:attachment":[{"href":"https:\/\/hostelfly.com\/fr\/wp-json\/wp\/v2\/media?parent=888"}],"curies":[{"name":"wp","href":"https:\/\/api.w.org\/{rel}","templated":true}]}}