{"id":879,"date":"2023-07-12T03:08:31","date_gmt":"2023-07-12T02:08:31","guid":{"rendered":"https:\/\/hostelfly.com\/?page_id=879"},"modified":"2024-08-05T17:36:09","modified_gmt":"2024-08-05T16:36:09","slug":"terminos-y-condiciones-legales","status":"publish","type":"page","link":"https:\/\/hostelfly.com\/fr\/terminos-y-condiciones-legales\/","title":{"rendered":"T\u00e9rminos y condiciones Legales"},"content":{"rendered":"<p>[et_pb_section fb_built=\u00bb1&#8243; theme_builder_area=\u00bbpost_content\u00bb _builder_version=\u00bb4.21.0&#8243; _module_preset=\u00bbdefault\u00bb][et_pb_row _builder_version=\u00bb4.21.0&#8243; _module_preset=\u00bbdefault\u00bb theme_builder_area=\u00bbpost_content\u00bb][et_pb_column _builder_version=\u00bb4.21.0&#8243; _module_preset=\u00bbdefault\u00bb type=\u00bb4_4&#8243; theme_builder_area=\u00bbpost_content\u00bb][et_pb_text _builder_version=\u00bb4.21.0&#8243; _module_preset=\u00bbdefault\u00bb theme_builder_area=\u00bbpost_content\u00bb hover_enabled=\u00bb0&#8243; sticky_enabled=\u00bb0&#8243;]<\/p>\n<h1>Conditions g\u00e9n\u00e9rales d'utilisation<\/h1>\n<p class=\"p1 translation-block\">En effectuant une r\u00e9servation aupr\u00e8s de HOSTEL BARAJAS MADRID SL, vous acceptez les conditions g\u00e9n\u00e9rales suivantes :\nConfirmation de la R\u00e9servation Une fois la r\u00e9servation effectu\u00e9e, vous recevrez un courrier \u00e9lectronique de confirmation avec les d\u00e9tails de votre r\u00e9servation. Veuillez noter que la confirmation de r\u00e9servation et le re\u00e7u imprim\u00e9 ne sont pas valables en tant que facture.<\/p>\n<p class=\"p1\">Processus de R\u00e9servation Offre de R\u00e9servations et Prix Conform\u00e9ment \u00e0 la r\u00e9glementation en vigueur, notamment la Loi 34\/2002 sur les services de la soci\u00e9t\u00e9 de l'information et du commerce \u00e9lectronique, HOSTEL BARAJAS MADRID SL fournit des informations sur toutes les r\u00e9servations possibles, leurs caract\u00e9ristiques et leurs prix dans la section correspondante pour effectuer la r\u00e9servation. Cependant, HOSTEL BARAJAS MADRID SL se r\u00e9serve le droit de retirer, remplacer ou modifier les offres propos\u00e9es aux clients via son site web en apportant des modifications au contenu. Par cons\u00e9quent, les produits et services propos\u00e9s sur le site web de HOSTEL BARAJAS MADRID SL sont soumis aux conditions g\u00e9n\u00e9rales en vigueur dans chaque cas. De plus, l'entreprise peut cesser d'offrir l'acc\u00e8s aux produits et services mentionn\u00e9s sans pr\u00e9avis \u00e0 tout moment.<\/p>\n<p class=\"p1\">Indication des Prix Chaque r\u00e9servation propos\u00e9e aura un prix indiqu\u00e9, qui comprendra, le cas \u00e9ch\u00e9ant, la TVA ou d'autres taxes applicables. Les prix affich\u00e9s \u00e0 l'\u00e9cran seront toujours les prix en vigueur, sauf en cas d'erreurs typographiques. Si le prix diff\u00e8re pour la raison mentionn\u00e9e, HOSTEL BARAJAS MADRID SL informera le client par courrier \u00e9lectronique avant de d\u00e9biter la r\u00e9servation.<\/p>\n<p class=\"p1\">Informaci\u00f3n previa a la reserva HOSTEL BARAJAS MADRID SL informa que el procedimiento de reserva a trav\u00e9s de sus sitios web se detalla en la secci\u00f3n correspondiente para la formalizaci\u00f3n de la reserva. Asimismo, HOSTEL BARAJAS MADRID SL proporciona acceso a las condiciones de uso en el mismo sitio web. Al realizar una reserva con HOSTEL BARAJAS MADRID SL a trav\u00e9s de su sitio web, el usuario o cliente declara expresamente que conoce, entiende y acepta dichas condiciones de uso y las Condiciones Generales. Adem\u00e1s, el usuario declara ser mayor de edad y tener la capacidad jur\u00eddica necesaria para acceder a los sitios web de HOSTEL BARAJAS MADRID SL y realizar la contrataci\u00f3n a trav\u00e9s de los mismos. El usuario es responsable de tratar de manera confidencial y responsable la identidad y la contrase\u00f1a obtenidas al registrarse como cliente, y no debe divulgarlas a terceros.<\/p>\n<p class=\"p1\">Disponibilit\u00e9 La disponibilit\u00e9 des offres propos\u00e9es par HOSTEL BARAJAS MADRID SL via son site web peut varier en fonction de la demande des clients. Bien que HOSTEL BARAJAS MADRID SL mette r\u00e9guli\u00e8rement \u00e0 jour sa base de donn\u00e9es, la r\u00e9servation demand\u00e9e par le client peut ne pas \u00eatre disponible \u00e0 ce moment-l\u00e0. Dans un tel cas, HOSTEL BARAJAS MADRID SL enverra un courrier \u00e9lectronique au client pour l'informer de l'impossibilit\u00e9 de fournir la r\u00e9servation.<\/p>\n<p class=\"p1\">Moyens de Paiement HOSTEL BARAJAS MADRID SL demandera les coordonn\u00e9es de la carte de cr\u00e9dit du titulaire de la r\u00e9servation pour les r\u00e9servations effectu\u00e9es via son site web afin d'en assurer l'efficacit\u00e9. Veuillez noter que l'\u00e9tablissement n'encaisse pas la carte de cr\u00e9dit lors de la r\u00e9servation, car la carte est uniquement utilis\u00e9e comme garantie. L'\u00e9tablissement se r\u00e9serve le droit de v\u00e9rifier la validit\u00e9 de la carte de cr\u00e9dit avant l'arriv\u00e9e du client.<\/p>\n<p class=\"p1\">Le paiement du s\u00e9jour sera effectu\u00e9 deux jours avant l'enregistrement. Apr\u00e8s avoir effectu\u00e9 le paiement, le client recevra un lien avec des instructions d'arriv\u00e9e, qui comprendront la cl\u00e9 \u00e9lectronique pour ouvrir les portes de l'\u00e9tablissement, la chambre et le casier. HOSTEL BARAJAS MADRID SL ou sa d\u00e9nomination commerciale HOSTELFLY n'acceptent que les paiements par carte de cr\u00e9dit ou de d\u00e9bit. Les paiements en esp\u00e8ces ne sont pas accept\u00e9s.<\/p>\n<p class=\"p1\">Politique d'Annulation Les annulations peuvent \u00eatre effectu\u00e9es sans frais jusqu'\u00e0 48 heures avant l'arriv\u00e9e pr\u00e9vue. Pass\u00e9 ce d\u00e9lai, HOSTEL BARAJAS MADRID SL facturera le montant total de la premi\u00e8re nuit r\u00e9serv\u00e9e en cas d'annulation tardive ou de non-pr\u00e9sentation.\nDroit de R\u00e9tractation Conform\u00e9ment \u00e0 l'article 103 de la Loi 3\/2014 du 27 mars, qui modifie la Loi g\u00e9n\u00e9rale pour la d\u00e9fense des consommateurs et des utilisateurs, les clients ne disposent pas du droit de r\u00e9tractation pour les services fournis par HOSTEL BARAJAS MADRID SL.\nProtection des Donn\u00e9es HOSTEL BARAJAS MADRID SL vous informe que les donn\u00e9es personnelles fournies par le client seront int\u00e9gr\u00e9es \u00e0 son syst\u00e8me de traitement dans le but de faciliter, d'acc\u00e9l\u00e9rer et de remplir les engagements \u00e9tablis entre les deux parties. HOSTEL BARAJAS MADRID SL s'engage \u00e0 traiter les donn\u00e9es l\u00e9galement, \u00e9quitablement, de mani\u00e8re transparente, appropri\u00e9e, pertinente, limit\u00e9e, exacte et \u00e0 jour, en adoptant toutes les mesures raisonnables pour les supprimer ou les rectifier sans d\u00e9lai si elles s'av\u00e8rent inexactes. Les donn\u00e9es seront conserv\u00e9es pendant la p\u00e9riode strictement n\u00e9cessaire pour se conformer aux dispositions susmentionn\u00e9es.\nLe client a le droit d'acc\u00e9der \u00e0 ses donn\u00e9es personnelles, de les rectifier, de limiter leur traitement, de les supprimer, de les transf\u00e9rer et de s'opposer \u00e0 leur traitement, ainsi que de r\u00e9voquer le consentement donn\u00e9 pour le traitement de ces donn\u00e9es. Ces droits peuvent \u00eatre exerc\u00e9s en envoyant une demande \u00e0 l'adresse postale ou \u00e9lectronique fournie.\nL\u00e9gislation Applicable et Juridiction La relation entre l'utilisateur et HOSTEL BARAJAS MADRID SL sera r\u00e9gie par la r\u00e9glementation en vigueur et applicable sur le territoire espagnol. En cas de litige, les parties pourront soumettre leurs conflits \u00e0 l'arbitrage ou recourir \u00e0 la juridiction ordinaire, en se conformant aux r\u00e8gles de comp\u00e9tence et de comp\u00e9tence \u00e0 cet \u00e9gard. HOSTEL BARAJAS MADRID SL a son si\u00e8ge social \u00e0 MADRID, en Espagne.\nVeuillez noter que cette traduction est fournie \u00e0 titre informatif et peut ne pas \u00eatre une repr\u00e9sentation exacte du texte original.<\/p>\n<p class=\"p1\"><span><\/span><\/p>\n<p class=\"p1\"><span><\/span><\/p>\n<p class=\"p1\"><span><\/span><\/p>\n<p class=\"p1\"><span><\/span><\/p>\n<p class=\"p1\"><span><\/span><\/p>\n<p class=\"p1\"><span><\/span><\/p>\n<p class=\"p1\"><span><\/span><\/p>\n<p class=\"p1\"><span><\/span><\/p>\n<p class=\"p2\"><span><\/span><\/p>\n<p>[\/et_pb_text][\/et_pb_column][\/et_pb_row][\/et_pb_section]<\/p>","protected":false},"excerpt":{"rendered":"<p>T\u00e9rminos y Condiciones Generales Estas Condiciones Generales de Reserva (en adelante, \u00abCondiciones Generales\u00bb) establecen las normas que regulan la relaci\u00f3n comercial entre HOSTEL BARAJAS MADRID SL y el usuario o cliente que realice una reserva a trav\u00e9s de los formularios disponibles en el sitio web www.hostelfly.com, propiedad de HOSTEL BARAJAS MADRID SL. Al realizar una [&hellip;]<\/p>","protected":false},"author":1,"featured_media":0,"parent":0,"menu_order":0,"comment_status":"closed","ping_status":"closed","template":"","meta":{"_et_pb_use_builder":"on","_et_pb_old_content":"","_et_gb_content_width":"","_joinchat":[],"footnotes":""},"class_list":["post-879","page","type-page","status-publish","hentry"],"_links":{"self":[{"href":"https:\/\/hostelfly.com\/fr\/wp-json\/wp\/v2\/pages\/879","targetHints":{"allow":["GET"]}}],"collection":[{"href":"https:\/\/hostelfly.com\/fr\/wp-json\/wp\/v2\/pages"}],"about":[{"href":"https:\/\/hostelfly.com\/fr\/wp-json\/wp\/v2\/types\/page"}],"author":[{"embeddable":true,"href":"https:\/\/hostelfly.com\/fr\/wp-json\/wp\/v2\/users\/1"}],"replies":[{"embeddable":true,"href":"https:\/\/hostelfly.com\/fr\/wp-json\/wp\/v2\/comments?post=879"}],"version-history":[{"count":3,"href":"https:\/\/hostelfly.com\/fr\/wp-json\/wp\/v2\/pages\/879\/revisions"}],"predecessor-version":[{"id":996,"href":"https:\/\/hostelfly.com\/fr\/wp-json\/wp\/v2\/pages\/879\/revisions\/996"}],"wp:attachment":[{"href":"https:\/\/hostelfly.com\/fr\/wp-json\/wp\/v2\/media?parent=879"}],"curies":[{"name":"wp","href":"https:\/\/api.w.org\/{rel}","templated":true}]}}