{"id":896,"date":"2023-07-12T03:19:08","date_gmt":"2023-07-12T02:19:08","guid":{"rendered":"https:\/\/hostelfly.com\/?page_id=896"},"modified":"2024-08-05T17:15:39","modified_gmt":"2024-08-05T16:15:39","slug":"condiciones-legales","status":"publish","type":"page","link":"https:\/\/hostelfly.com\/de\/condiciones-legales\/","title":{"rendered":"Condiciones Legales"},"content":{"rendered":"<p>[et_pb_section fb_built=\u00bb1&#8243; _builder_version=\u00bb4.21.0&#8243; _module_preset=\u00bbdefault\u00bb global_colors_info=\u00bb{}\u00bb][et_pb_row _builder_version=\u00bb4.21.0&#8243; _module_preset=\u00bbdefault\u00bb global_colors_info=\u00bb{}\u00bb][et_pb_column type=\u00bb4_4&#8243; _builder_version=\u00bb4.21.0&#8243; _module_preset=\u00bbdefault\u00bb global_colors_info=\u00bb{}\u00bb][et_pb_text _builder_version=\u00bb4.21.0&#8243; _module_preset=\u00bbdefault\u00bb global_colors_info=\u00bb{}\u00bb]<\/p>\n<h1 class=\"p1\">CONDICIONES LEGALES<\/h1>\n<p class=\"p3\">Las presentes Condiciones Generales de Reserva (en adelante Condiciones Generales) regular\u00e1n la relaci\u00f3n comercial que surja entre HOSTEL BARAJAS MADRID SL y el usuario o cliente por la contrataci\u00f3n realizada a trav\u00e9s de los formularios que HOSTEL BARAJAS MADRID SL pone a su disposici\u00f3n en su website www.hostelfly.com<\/p>\n<p class=\"p3\">La reserva a trav\u00e9s de los sitios web de HOSTEL BARAJAS MADRID SL supondr\u00e1 la aceptaci\u00f3n expresa, por el cliente o usuario de las p\u00e1ginas, de estas condiciones, como tambi\u00e9n de las condiciones de uso establecidas para la navegaci\u00f3n del usuario por las p\u00e1ginas propiedad de HOSTEL BARAJAS MADRID SL.<\/p>\n<p class=\"p3\">Estas condiciones ser\u00e1n de aplicaci\u00f3n sin perjuicio de la aplicaci\u00f3n de las normas legales sobre la materia que sean de aplicaci\u00f3n para cada caso.<\/p>\n<p class=\"p3\">Las condiciones Generales de Contrataci\u00f3n regulan la relaci\u00f3n de venta a distancia entre HOSTEL BARAJAS MADRID SL y el usuario o cliente, de acuerdo con las estipulaciones legales, en especial, la Ley 7\/1998, de 13 de abril, sobre Condiciones Generales de Contrataci\u00f3n, la Ley 3\/2014, de 27 de marzo por la que se modifica el texto refundido de la Ley General para la Defensa de los consumidores y Usuarios, la normativa vigente de Protecci\u00f3n de Datos de Car\u00e1cter Personal, la Ley 7\/1996, de 15 de enero de Ordenaci\u00f3n del Comercio Minorista, y a la Ley 34\/2002 de 11 de julio, de Servicios de la Sociedad de la Informaci\u00f3n y de Comercio Electr\u00f3nico.<\/p>\n<p class=\"p3\">HOSTEL BARAJAS MADRID SL se reserva el derecho a realizar las modificaciones que considere oportunas, sin aviso previo, en las Condiciones Generales. Dichas modificaciones podr\u00e1n realizarse, a trav\u00e9s de sus websites, por cualquier forma admisible en derecho y ser\u00e1n de obligado cumplimiento durante el tiempo en que se encuentren publicadas en la web y hasta que no sean modificadas v\u00e1lidamente por otras posteriores. No obstante, HOSTEL BARAJAS MADRID SL se reserva el derecho de aplicar, en determinados casos, unas Condiciones Particulares de Contrataci\u00f3n con preferencia a las presentes Condiciones Generales cuando lo considerara oportuno, anunci\u00e1ndolas en tiempo y forma oportunos.<\/p>\n<p class=\"p3\">Informaci\u00f3n previa a la reserva<\/p>\n<p class=\"p3\">HOSTEL BARAJAS MADRID SL informa que el procedimiento de reserva a trav\u00e9s de sus p\u00e1ginas web viene detallado en el apartado correspondiente para la formalizaci\u00f3n de la reserva.<\/p>\n<p class=\"p3\">Asimismo, HOSTEL BARAJAS MADRID SL informa que el usuario puede tener acceso a las condiciones de uso que dispone en la misma web.<\/p>\n<p class=\"p3\">Por la reserva con HOSTEL BARAJAS MADRID SL a trav\u00e9s de su website, el usuario o cliente declara expresamente conocer, entender y aceptar dichas condiciones de uso y las Condiciones Generales. Del mismo modo el usuario declara ser mayor de edad y tener la capacidad jur\u00eddica y de obrar necesaria para el acceso a los sitios web de HOSTEL BARAJAS MADRID SL y la contrataci\u00f3n por medio de los mismos. El usuario se hace responsable de tratar confidencial y responsablemente la identidad y contrase\u00f1a obtenidas en el registro como cliente, no pudiendo cederlas a otro.<\/p>\n<p class=\"p3\">Una vez efectuada la reserva el usuario visualizar\u00e1 la confirmaci\u00f3n de su reserva en pantalla, pudiendo imprimir \u00e9sta como comprobante de la reserva efectuada.<\/p>\n<p class=\"p3\">La confirmaci\u00f3n de reserva y el comprobante de la reserva (impresi\u00f3n que hace el usuario) no tendr\u00e1n validez como factura.<\/p>\n<p class=\"p3\">FUNCIONAMIENTO DE LA RESERVA<\/p>\n<p class=\"p3\">Oferta de reservas y referencia de precios.<\/p>\n<p class=\"p3\">En cumplimiento de la normativa vigente y, en especial de la Ley 34\/2002 de servicios de la sociedad de la informaci\u00f3n y del comercio electr\u00f3nico, HOSTEL BARAJAS MADRID SL ofrece en el apartado correspondiente para la formalizaci\u00f3n de la reserva informaci\u00f3n sobre todas las posibles reservas, sus caracter\u00edsticas y precios. No obstante, HOSTEL BARAJAS MADRID SL se reserva el derecho a retirar, reponer o cambiar las ofertas que se ofrecen a sus clientes a trav\u00e9s de su p\u00e1gina web, mediante el simple cambio en el contenido de las mismas. De esta forma, los productos y\/o servicios ofrecidos en cada momento por la website de HOSTEL BARAJAS MADRID SL se regir\u00e1n por las Condiciones Generales vigentes en cada caso. Asimismo, la empresa tendr\u00e1 la facultad de dejar de ofrecer, sin previo aviso y en cualquier momento, el acceso a los productos y\/o servicios mencionados.<\/p>\n<p class=\"p3\">Indicaci\u00f3n de los precios.<\/p>\n<p class=\"p3\">Cada posible reserva ofrecida tendr\u00e1 indicado su precio y si tiene incorporado el IVA o cualquier otro impuesto que, en su caso, sea de aplicaci\u00f3n. Los precios indicados en pantalla ser\u00e1n los vigentes en cada momento salvo error tipogr\u00e1fico. Cuando el precio sea diferente por el motivo anteriormente expuesto, HOSTEL BARAJAS MADRID SL lo comunicar\u00e1 al cliente, v\u00eda e-mail, antes de proceder el cobro de la reserva.<\/p>\n<p class=\"p3\">Disponibilidad.<\/p>\n<p class=\"p3\">La disponibilidad de las ofertas ofrecidas por HOSTEL BARAJAS MADRID SL a trav\u00e9s de su p\u00e1gina web puede variar en funci\u00f3n de la demanda de los clientes. Pese a que HOSTEL BARAJAS MADRID SL actualiza la base de datos peri\u00f3dicamente, la reserva solicitada por el cliente podr\u00eda estar completa en ese momento. En tal caso, HOSTEL BARAJAS MADRID SL remitir\u00e1 un e-mail al cliente inform\u00e1ndole de la imposibilidad de la disponibilidad de la oferta.<\/p>\n<p class=\"p3\">Formas de pago.<\/p>\n<p class=\"p3\">HOSTEL BARAJAS MADRID SL solicita en las reservas a trav\u00e9s de su p\u00e1gina web los datos de una tarjeta de cr\u00e9dito, titular de reserva, para garantizar la efectividad de la misma. Le recordamos que el establecimiento no efect\u00faa ning\u00fan cargo en su tarjeta de cr\u00e9dito al realizar esta reserva. La tarjeta se utiliza solamente como garant\u00eda. El establecimiento se reserva el derecho a comprobar la validez de la tarjeta de cr\u00e9dito antes de la llegada del cliente.<\/p>\n<p class=\"p3\">El pago de su estancia se abonar\u00e1 2dias antes del momento de check-in. Recibir\u00e1 cuando se formalice el pago un enlace para las intrucciones de llegada con la llave electr\u00f2nica para poder abrir las puertas correspondientes del establecimiento, habitaci\u00f3n y taquilla.<\/p>\n<p class=\"p3\">HOSTEL BARAJAS MADRID SL o marca comerical HOSTELFLY solo admite el pago por tarjeta de Cr\u00e9dito o en efectivo a petici\u00f3n expresa del cliente.<\/p>\n<p class=\"p3\">Transferencia bancaria no ser\u00e1n opciones v\u00e1lidas para el pago de su estancia.<\/p>\n<p class=\"p3\">La factura correspondiente a la reserva, ser\u00e1 enviada por correo electr\u00f3nico de manera autom\u00e1tica tras el check-out.<\/p>\n<p class=\"p3\">Cancelaci\u00f3n de la reserva.<\/p>\n<p class=\"p3\">Si la cancelaci\u00f3n se efect\u00faa 72 horas del d\u00eda de llegada, el establecimiento no efectuar\u00e1 cargos. En caso de anular la reserva fuera de este horario o de no presentare, cargaremos el importe de una noche a su tarjeta de cr\u00e9dito y cancelaremos la reserva.<\/p>\n<p class=\"p3\">Tarifas no reembolsables.<\/p>\n<p class=\"p3\">Las condiciones de reserva para las habitaciones no reembolsables son diferentes a las condiciones generales del hostel. Se cargar\u00e1 el importe completo de la estancia en el momento de realizar la reserva. Importe no reembolsable. Reserva sin posibilidad de cambio o cancelaci\u00f3n.<\/p>\n<p class=\"p3\">Check In \/ Check Out.<\/p>\n<p class=\"p3\">Check in a partir de las 14 horas.Check out, como m\u00e1ximo, a las 11 horas del d\u00eda de salida<\/p>\n<p class=\"p3\">Desistimiento.<\/p>\n<p class=\"p3\">Seg\u00fan lo establecido el art\u00edculo 103 de la Ley 3\/2014, de 27 de marzo por la que se modifica el texto refundido de la Ley General para la Defensa de los consumidores y Usuarios, los suministros de servicios o bienes confeccionado conforme a las especificaciones del consumidor o claramente personalizados, o que, por su naturaleza, no puedan ser devueltos o puedan deteriorarse o caducar con rapidez, est\u00e1n exentos de desistimiento.<\/p>\n<p class=\"p3\">PROTECCI\u00d3N DE DATOS<\/p>\n<p class=\"p3\">De conformidad con lo establecido en la normativa vigente en Protecci\u00f3n de Datos de Car\u00e1cter Personal, le informamos que sus datos ser\u00e1n incorporados al sistema de tratamiento titularidad de HOSTEL BARAJAS MADRID SL con CIF B88406012 y domicilio social sito en CALLE CALDERA 11 28042, MADRID (MADRID), con la finalidad de poder facilitar, agilizar y cumplir los compromisos establecidos entre ambas partes. En cumplimiento con la normativa vigente, HOSTEL BARAJAS MADRID SL informa que los datos ser\u00e1n conservados durante el plazo estrictamente necesario para cumplir con los preceptos mencionados con anterioridad.<\/p>\n<p class=\"p3\">HOSTEL BARAJAS MADRID SL informa que proceder\u00e1 a tratar los datos de manera l\u00edcita, leal, transparente, adecuada, pertinente, limitada, exacta y actualizada. Es por ello que HOSTEL BARAJAS MADRID SL se compromete a adoptar todas las medidas razonables para que estos se supriman o rectifiquen sin dilaci\u00f3n cuando sean inexactos.<\/p>\n<p class=\"p3\">De acuerdo con los derechos que le confiere el la normativa vigente en protecci\u00f3n de datos podr\u00e1 ejercer los derechos de acceso, rectificaci\u00f3n, limitaci\u00f3n de tratamiento, supresi\u00f3n, portabilidad y oposici\u00f3n al tratamiento de sus datos de car\u00e1cter personal as\u00ed como del consentimiento prestado para el tratamiento de los mismos, dirigiendo su petici\u00f3n a la direcci\u00f3n postal indicada m\u00e1s arriba o al correo electr\u00f3nico madrid@hostelfly.com.<\/p>\n<p class=\"p3\">Podr\u00e1 dirigirse a la Autoridad de Control competente para presentar la reclamaci\u00f3n que considere oportuna.<\/p>\n<p class=\"p3\">LEGISLACI\u00d3N Y JURISDICCI\u00d3N APLICABLE<\/p>\n<p class=\"p3\">Asimismo, HOSTEL BARAJAS MADRID SL se reserva la facultad de presentar las acciones civiles o penales que considere oportunas por la utilizaci\u00f3n indebida de su sitio web y contenidos o por el incumplimiento de las presentes condiciones.<\/p>\n<p class=\"p3\">La relaci\u00f3n entre el usuario y el prestador se regir\u00e1 por la normativa vigente y de aplicaci\u00f3n en el territorio espa\u00f1ol. De surgir cualquier controversia las partes podr\u00e1n someter sus conflictos a arbitraje o acudir a la jurisdicci\u00f3n ordinaria cumpliendo con las normas sobre jurisdicci\u00f3n y competencia al respecto. HOSTEL BARAJAS MADRID SL tiene su domicilio en MADRID, Espa\u00f1a<\/p>\n<p>[\/et_pb_text][\/et_pb_column][\/et_pb_row][\/et_pb_section]<\/p>","protected":false},"excerpt":{"rendered":"<p>CONDICIONES LEGALES Las presentes Condiciones Generales de Reserva (en adelante Condiciones Generales) regular\u00e1n la relaci\u00f3n comercial que surja entre HOSTEL BARAJAS MADRID SL y el usuario o cliente por la contrataci\u00f3n realizada a trav\u00e9s de los formularios que HOSTEL BARAJAS MADRID SL pone a su disposici\u00f3n en su website www.hostelfly.com La reserva a trav\u00e9s de [&hellip;]<\/p>","protected":false},"author":1,"featured_media":0,"parent":0,"menu_order":0,"comment_status":"closed","ping_status":"closed","template":"","meta":{"_et_pb_use_builder":"on","_et_pb_old_content":"<!-- wp:divi\/placeholder \/-->","_et_gb_content_width":"","_joinchat":[],"footnotes":""},"class_list":["post-896","page","type-page","status-publish","hentry"],"_links":{"self":[{"href":"https:\/\/hostelfly.com\/de\/wp-json\/wp\/v2\/pages\/896","targetHints":{"allow":["GET"]}}],"collection":[{"href":"https:\/\/hostelfly.com\/de\/wp-json\/wp\/v2\/pages"}],"about":[{"href":"https:\/\/hostelfly.com\/de\/wp-json\/wp\/v2\/types\/page"}],"author":[{"embeddable":true,"href":"https:\/\/hostelfly.com\/de\/wp-json\/wp\/v2\/users\/1"}],"replies":[{"embeddable":true,"href":"https:\/\/hostelfly.com\/de\/wp-json\/wp\/v2\/comments?post=896"}],"version-history":[{"count":3,"href":"https:\/\/hostelfly.com\/de\/wp-json\/wp\/v2\/pages\/896\/revisions"}],"predecessor-version":[{"id":985,"href":"https:\/\/hostelfly.com\/de\/wp-json\/wp\/v2\/pages\/896\/revisions\/985"}],"wp:attachment":[{"href":"https:\/\/hostelfly.com\/de\/wp-json\/wp\/v2\/media?parent=896"}],"curies":[{"name":"wp","href":"https:\/\/api.w.org\/{rel}","templated":true}]}}