{"id":892,"date":"2023-07-12T03:18:20","date_gmt":"2023-07-12T02:18:20","guid":{"rendered":"https:\/\/hostelfly.com\/?page_id=892"},"modified":"2024-08-05T17:03:28","modified_gmt":"2024-08-05T16:03:28","slug":"aviso-legal","status":"publish","type":"page","link":"https:\/\/hostelfly.com\/de\/aviso-legal\/","title":{"rendered":"Aviso Legal"},"content":{"rendered":"<p>[et_pb_section fb_built=\u00bb1&#8243; theme_builder_area=\u00bbpost_content\u00bb _builder_version=\u00bb4.21.0&#8243; _module_preset=\u00bbdefault\u00bb][et_pb_row _builder_version=\u00bb4.21.0&#8243; _module_preset=\u00bbdefault\u00bb theme_builder_area=\u00bbpost_content\u00bb][et_pb_column _builder_version=\u00bb4.21.0&#8243; _module_preset=\u00bbdefault\u00bb type=\u00bb4_4&#8243; theme_builder_area=\u00bbpost_content\u00bb][et_pb_text _builder_version=\u00bb4.21.0&#8243; _module_preset=\u00bbdefault\u00bb theme_builder_area=\u00bbpost_content\u00bb hover_enabled=\u00bb0&#8243; sticky_enabled=\u00bb0&#8243;]<\/p>\n<h1 class=\"p1\">AVISO LEGAL<\/h1>\n<p class=\"p3 translation-block\">En cumplimiento de la Ley 34\/2002, de 11 de julio, de Servicios de la Sociedad de la Informaci\u00f3n y de Comercio Electr\u00f3nico (LSSI-CE), HOSTEL BARAJAS MADRID SL informa que es titular del sitio web&nbsp;<a href=\"https:\/\/hostelfly.com\/de\/\" target=\"_self\"><span class=\"s1\"><b>www.hostelfly.com<\/b><\/span><\/a>&nbsp;&nbsp;De acuerdo con la exigencia del art\u00edculo 10 de la citada Ley, HOSTEL BARAJAS MADRID SL informa de los siguientes datos:<\/p>\n<p class=\"p3\">El titular de este sitio web es HOSTEL BARAJAS MADRID SL, con CIF B88406012 y domicilio social en CALLE CALDERA 11 28042, BARAJAS DE MADRID (MADRID), inscrita en el Registro Mercantil, en el tomo 39.290, folio 160, hoja M-697.814 e inscripci\u00f3n 1. La direcci\u00f3n de correo electr\u00f3nico de contacto con la empresa es: madrid@hostelfly.com.<\/p>\n<p class=\"p3\">1. Usuario y r\u00e9gimen de responsabilidades<\/p>\n<p class=\"p3\">La navegaci\u00f3n, acceso y uso por el sitio web de HOSTEL BARAJAS MADRID SL confiere la condici\u00f3n de usuario, por la que se aceptan, desde la navegaci\u00f3n por el sitio web de HOSTEL BARAJAS MADRID SL, todas las condiciones de uso aqu\u00ed establecidas sin perjuicio de la aplicaci\u00f3n de la correspondiente normativa de obligado cumplimiento legal seg\u00fan el caso.<\/p>\n<p class=\"p3\">El sitio web de HOSTEL BARAJAS MADRID SL proporciona gran diversidad de informaci\u00f3n, servicios y datos. El usuario asume su responsabilidad en el uso correcto del sitio web. Esta responsabilidad se extender\u00e1 a:<\/p>\n<p class=\"p3\">\u00a7 La veracidad y licitud de las informaciones aportadas por el usuario en los formularios extendidos por HOSTEL BARAJAS MADRID SL para el acceso a ciertos contenidos o servicios ofrecidos por el web.<\/p>\n<p class=\"p3\">\u00a7 El uso de la informaci\u00f3n, servicios y datos ofrecidos por HOSTEL BARAJAS MADRID SL contrariamente a lo dispuesto por las presentes condiciones, la Ley, la moral, las buenas costumbres o el orden p\u00fablico, o que de cualquier otro modo puedan suponer lesi\u00f3n de los derechos de terceros o del mismo funcionamiento del sitio web.<\/p>\n<p class=\"p3\">2. Pol\u00edtica de enlaces y exenciones de responsabilidad<\/p>\n<p class=\"p3\">HOSTEL BARAJAS MADRID SL no se hace responsable del contenido de los sitios web a los que el usuario pueda acceder a trav\u00e9s de los enlaces establecidos en su sitio web y declara que en ning\u00fan caso proceder\u00e1 a examinar o ejercitar ning\u00fan tipo de control sobre el contenido de otros sitios de la red. Asimismo, tampoco garantizar\u00e1 la disponibilidad t\u00e9cnica, exactitud, veracidad, validez o legalidad de sitios ajenos a su propiedad a los que se pueda acceder por medio de los enlaces.<\/p>\n<p class=\"p3\">HOSTEL BARAJAS MADRID SL declara haber adoptado todas las medidas necesarias para evitar cualquier da\u00f1o a los usuarios de su sitio web, que pudieran derivarse de la navegaci\u00f3n por su sitio web. En consecuencia, HOSTEL BARAJAS MADRID SL no se hace responsable, en ning\u00fan caso, de los eventuales da\u00f1os que por la navegaci\u00f3n por Internet pudiera sufrir el usuario.<\/p>\n<p class=\"p3\">3. Modificaciones<\/p>\n<p class=\"p3\">HOSTEL BARAJAS MADRID SL se reserva el derecho a realizar las modificaciones que considere oportunas, sin aviso previo, en el contenido de su sitio web. Tanto en lo referente a los contenidos del sitio web, como en las condiciones de uso del mismo, o en las condiciones generales de contrataci\u00f3n. Dichas modificaciones podr\u00e1n realizarse a trav\u00e9s de su sitio web por cualquier forma admisible en derecho y ser\u00e1n de obligado cumplimiento durante el tiempo en que se encuentren publicadas en el web y hasta que no sean modificadas v\u00e1lidamente por otras posteriores.<\/p>\n<p class=\"p3\">4. Servicios de reserva por internet<\/p>\n<p class=\"p3\">Ciertos contenidos de la website de HOSTEL BARAJAS MADRID SL contienen la posibilidad de reservar por Internet. El uso de los mismos requerir\u00e1 la lectura y aceptaci\u00f3n obligatoria de las condiciones generales de reserva establecidas al efecto por HOSTEL BARAJAS MADRID SL.<\/p>\n<p class=\"p3\">5. Protecci\u00f3n de datos<\/p>\n<p class=\"p3\">De conformidad con lo establecido en la normativa vigente en Protecci\u00f3n de Datos de Car\u00e1cter Personal, le informamos que sus datos ser\u00e1n incorporados al sistema de tratamiento titularidad de HOSTEL BARAJAS MADRID SL, con CIF B88406012 y domicilio social en CALLE CALDERA 11 28042, BARAJAS DE MADRID (MADRID), con la finalidad de poder facilitar, agilizar y cumplir los compromisos establecidos entre ambas partes. En cumplimiento con la normativa vigente, HOSTEL BARAJAS MADRID SL informa que los datos ser\u00e1n conservados durante el plazo estrictamente necesario para cumplir con los preceptos mencionados con anterioridad.<\/p>\n<p class=\"p3\">HOSTEL BARAJAS MADRID SL informa que proceder\u00e1 a tratar los datos de manera l\u00edcita, leal, transparente, adecuada, pertinente, limitada, exacta y actualizada. Es por ello que HOSTEL BARAJAS MADRID SL se compromete a adoptar todas las medidas razonables para que estos se supriman o rectifiquen sin dilaci\u00f3n cuando sean inexactos.<\/p>\n<p class=\"p3\">De acuerdo con los derechos que le confiere el la normativa vigente en protecci\u00f3n de datos podr\u00e1 ejercer los derechos de acceso, rectificaci\u00f3n, limitaci\u00f3n de tratamiento, supresi\u00f3n, portabilidad y oposici\u00f3n al tratamiento de sus datos de car\u00e1cter personal as\u00ed como del consentimiento prestado para el tratamiento de los mismos, dirigiendo su petici\u00f3n a la direcci\u00f3n postal indicada m\u00e1s arriba o al correo electr\u00f3nico madrid@hostelfly.com<\/p>\n<p class=\"p3\">Podr\u00e1 dirigirse a la Autoridad de Control competente para presentar la reclamaci\u00f3n que considere oportuna.<\/p>\n<p class=\"p3\">6. Certificado SSL (Secure Sockets Layer)<\/p>\n<p class=\"p3\">El CERTIFICADO SSL proporciona autenticaci\u00f3n, privacidad y seguridad de la informaci\u00f3n entre HOSTEL BARAJAS MADRID SL y el usuario.<\/p>\n<p class=\"p3\">HOSTEL BARAJAS MADRID SL dispone de un certificado de seguridad que se utiliza por CERTIFICADO SSL para realizar conexiones seguras.<\/p>\n<p class=\"p3\">En este proceso se establecen varios par\u00e1metros para realizar la conexi\u00f3n de forma segura y se establece usando llaves preestablecidas, codificando y descodificando todos los datos enviados hasta que la conexi\u00f3n sea cerrada.<\/p>\n<p class=\"p3\">7. Propiedad intelectual e industrial<\/p>\n<p class=\"p3\">HOSTEL BARAJAS MADRID SL por s\u00ed misma o como cesionaria, es titular de todos los derechos de propiedad intelectual e industrial de su p\u00e1gina web, as\u00ed como de los elementos contenidos en la misma (a t\u00edtulo enunciativo, im\u00e1genes, sonido, audio, v\u00eddeo, software o textos; marcas o logotipos, combinaciones de colores, estructura y dise\u00f1o, selecci\u00f3n de materiales usados, programas de<\/p>\n<p class=\"p3\">ordenador necesarios para su funcionamiento, acceso y uso, etc.), titularidad de HOSTEL BARAJAS MADRID SL. Ser\u00e1n, por consiguiente, obras protegidas como propiedad intelectual por el ordenamiento jur\u00eddico espa\u00f1ol, si\u00e9ndoles aplicables tanto la normativa espa\u00f1ola y comunitaria en este campo, como los tratados internacionales relativos a la materia y suscritos por Espa\u00f1a.<\/p>\n<p class=\"p3\">Todos los derechos reservados. En virtud de lo dispuesto en la Ley de Propiedad Intelectual, quedan expresamente prohibidas la reproducci\u00f3n, la distribuci\u00f3n y la comunicaci\u00f3n p\u00fablica, incluida su modalidad de puesta a disposici\u00f3n, de la totalidad o parte de los contenidos de esta p\u00e1gina web, con fines comerciales, en cualquier soporte y por cualquier medio t\u00e9cnico, sin la autorizaci\u00f3n de HOSTEL BARAJAS MADRID SL.<\/p>\n<p class=\"p3\">El usuario se compromete a respetar los derechos de Propiedad Intelectual e Industrial titularidad de HOSTEL BARAJAS MADRID SL. Podr\u00e1 visualizar los elementos del portal e incluso imprimirlos, copiarlos y almacenarlos en el disco duro de su ordenador o en cualquier otro soporte f\u00edsico siempre y cuando sea, \u00fanica y exclusivamente, para su uso personal y privado. El usuario deber\u00e1 abstenerse de suprimir, alterar, eludir o manipular cualquier dispositivo de protecci\u00f3n o sistema de seguridad que estuviera instalado en las p\u00e1ginas de HOSTEL BARAJAS MADRID SL.<\/p>\n<p class=\"p3\">8. Acciones legales, legislaci\u00f3n aplicable y jurisdicci\u00f3n<\/p>\n<p class=\"p3\">HOSTEL BARAJAS MADRID SL se reserva, asimismo, la facultad de presentar las acciones civiles o penales que considere oportunas por la utilizaci\u00f3n indebida de su sitio web y contenidos, o por el incumplimiento de las presentes condiciones.<\/p>\n<p class=\"p3\">La relaci\u00f3n entre el usuario y el prestador se regir\u00e1 por la normativa vigente y de aplicaci\u00f3n en el territorio espa\u00f1ol. De surgir cualquier controversia las partes podr\u00e1n someter sus conflictos a arbitraje o acudir a la jurisdicci\u00f3n ordinaria cumpliendo con las normas sobre jurisdicci\u00f3n y competencia al respecto. HOSTEL BARAJAS MADRID SL tiene su domicilio en MADRID, Espa\u00f1a<\/p>\n<p>[\/et_pb_text][\/et_pb_column][\/et_pb_row][\/et_pb_section]<\/p>","protected":false},"excerpt":{"rendered":"<p>AVISO LEGAL En cumplimiento de la Ley 34\/2002, de 11 de julio, de Servicios de la Sociedad de la Informaci\u00f3n y de Comercio Electr\u00f3nico (LSSI-CE), HOSTEL BARAJAS MADRID SL informa que es titular del sitio web\u00a0www.hostelfly.com\u00a0\u00a0De acuerdo con la exigencia del art\u00edculo 10 de la citada Ley, HOSTEL BARAJAS MADRID SL informa de los siguientes [&hellip;]<\/p>","protected":false},"author":1,"featured_media":0,"parent":0,"menu_order":0,"comment_status":"closed","ping_status":"closed","template":"","meta":{"_et_pb_use_builder":"on","_et_pb_old_content":"<!-- wp:divi\/placeholder \/-->","_et_gb_content_width":"","_joinchat":[],"footnotes":""},"class_list":["post-892","page","type-page","status-publish","hentry"],"_links":{"self":[{"href":"https:\/\/hostelfly.com\/de\/wp-json\/wp\/v2\/pages\/892","targetHints":{"allow":["GET"]}}],"collection":[{"href":"https:\/\/hostelfly.com\/de\/wp-json\/wp\/v2\/pages"}],"about":[{"href":"https:\/\/hostelfly.com\/de\/wp-json\/wp\/v2\/types\/page"}],"author":[{"embeddable":true,"href":"https:\/\/hostelfly.com\/de\/wp-json\/wp\/v2\/users\/1"}],"replies":[{"embeddable":true,"href":"https:\/\/hostelfly.com\/de\/wp-json\/wp\/v2\/comments?post=892"}],"version-history":[{"count":3,"href":"https:\/\/hostelfly.com\/de\/wp-json\/wp\/v2\/pages\/892\/revisions"}],"predecessor-version":[{"id":984,"href":"https:\/\/hostelfly.com\/de\/wp-json\/wp\/v2\/pages\/892\/revisions\/984"}],"wp:attachment":[{"href":"https:\/\/hostelfly.com\/de\/wp-json\/wp\/v2\/media?parent=892"}],"curies":[{"name":"wp","href":"https:\/\/api.w.org\/{rel}","templated":true}]}}