{"id":888,"date":"2023-07-12T03:16:47","date_gmt":"2023-07-12T02:16:47","guid":{"rendered":"https:\/\/hostelfly.com\/?page_id=888"},"modified":"2026-03-27T13:56:31","modified_gmt":"2026-03-27T12:56:31","slug":"informacion-general","status":"publish","type":"page","link":"https:\/\/hostelfly.com\/de\/informacion-general\/","title":{"rendered":"Informaci\u00f3n General"},"content":{"rendered":"<p>[et_pb_section fb_built=\u00bb1&#8243; _builder_version=\u00bb4.21.0&#8243; _module_preset=\u00bbdefault\u00bb global_colors_info=\u00bb{}\u00bb][et_pb_row _builder_version=\u00bb4.21.0&#8243; _module_preset=\u00bbdefault\u00bb global_colors_info=\u00bb{}\u00bb][et_pb_column type=\u00bb4_4&#8243; _builder_version=\u00bb4.21.0&#8243; _module_preset=\u00bbdefault\u00bb global_colors_info=\u00bb{}\u00bb][et_pb_text _builder_version=\u00bb4.21.0&#8243; _module_preset=\u00bbdefault\u00bb global_colors_info=\u00bb{}\u00bb]<\/p>\n<h1 class=\"p1\">INFORMACION GENERAL<\/h1>\n<p class=\"p1 translation-block\">Te recomendamos que hagas tu reserva en nuestro sitio web utilizando el cup\u00f3n de descuento PROMO10 <a href=\"https:\/\/hostelfly.com\/de\/\" target=\"_self\"><span class=\"s1\">www.hostelfly.com<\/span><\/a>.<\/p>\n<p class=\"p1\">HOSTELFLY MADRID AIRPORT est\u00e1 abierto las 24 horas del d\u00eda. El acceso se realiza de forma totalmente independiente a trav\u00e9s de tu dispositivo m\u00f3vil utilizando la llave electr\u00f3nica que recibir\u00e1s una vez que completes el registro en l\u00ednea obligatorio, el cual se enviar\u00e1 al correo electr\u00f3nico proporcionado al momento de hacer la reserva.<\/p>\n<p class=\"p1\">Check-in: a partir de las 14:00 horas. Si llegas antes de las 14:00 horas, podr\u00e1s dejar tus pertenencias en la sala de equipajes, si lo deseas, pero el acceso a las habitaciones no estar\u00e1 disponible hasta las 14:00 horas.<\/p>\n<p class=\"p1\">Check-out: a las 11:00 horas (de lo contrario, se te pedir\u00e1 que pagues por una noche adicional). En ese momento, debes retirar todas tus pertenencias de la habitaci\u00f3n. Si necesitas guardar tu equipaje durante el d\u00eda de salida, puedes utilizar nuestra sala de equipajes. Si tu salida se retrasa, se te pedir\u00e1 que pagues una noche adicional, as\u00ed que aseg\u00farate de estar listo a tiempo.<\/p>\n<p class=\"p1\">Las luces de las habitaciones se encienden autom\u00e1ticamente a las 8:00 a.m. y se apagan a las 23:00 horas. Horario de descanso: de 22:00 a 10:00 horas. Por favor, respeta el sue\u00f1o de los dem\u00e1s.<\/p>\n<p class=\"p1\">No se admiten menores de edad. Excepcionalmente, podr\u00e1n alojarse siempre que se reserve la habitaci\u00f3n completa.<\/p>\n<p class=\"p1\">En el caso de personas adultas sujetas a tutela legal, ser\u00e1 obligatorio que el tutor o responsable legal se aloje durante la totalidad de la estancia<\/p>\n<p class=\"p1\">El \u00e1rea com\u00fan est\u00e1 disponible hasta las 23:00 horas. La terraza, incluida la piscina, est\u00e1 abierta de 9:00 a 22:00 horas (si est\u00e1 disponible). Los menores que utilicen la piscina siempre deben estar acompa\u00f1ados y vigilados por un adulto a su cargo, bajo su responsabilidad.<\/p>\n<p class=\"p1\">Si solicitaste tarjetas de habitaci\u00f3n, puedes recogerlas en la recepci\u00f3n (se cobrar\u00e1 3 \u20ac en caso de p\u00e9rdida de la tarjeta).<\/p>\n<p class=\"p1\">No est\u00e1 permitido beber ni comer dentro de las habitaciones.<\/p>\n<p class=\"p1\">Est\u00e1 prohibido fumar en cualquier espacio dentro del albergue, excepto en la terraza.<\/p>\n<p class=\"p1\">Por favor, mant\u00e9n limpios todos los pasillos de la habitaci\u00f3n.<\/p>\n<p class=\"p1\">Utiliza tu casillero para guardar tus maletas. Si necesitas m\u00e1s espacio, puedes utilizar nuestra sala de equipajes.<\/p>\n<p class=\"p1\">Por favor, utiliza \u00fanicamente tu cama, el personal la retirar\u00e1 si encuentra una cama vac\u00eda. Cualquier cambio de cama debe ser notificado al personal. Queda prohibido cambiar de cama o armario sin permiso del personal.<\/p>\n<p class=\"p1\">La estancia m\u00e1xima en nuestro establecimiento es de 7 d\u00edas.<\/p>\n<p class=\"p1\">Las personas que no est\u00e9n alojadas en el albergue no podr\u00e1n ingresar a las habitaciones ni utilizar ninguna instalaci\u00f3n o equipo.<\/p>\n<p class=\"p1\">\u00c1rea de cocina: Limpia los platos despu\u00e9s de usarlos. Guarda todos los alimentos en una bolsa etiquetada con el n\u00famero de tu habitaci\u00f3n, cama y fecha de salida. Los alimentos que no est\u00e9n en una bolsa ser\u00e1n descartados. La cocina est\u00e1 cerrada de 23:00 a 7:00 horas.<\/p>\n<p class=\"p1\">Propiedad personal: Los armarios seguros se encuentran junto a cada cama dentro de tu habitaci\u00f3n. Es tu responsabilidad asegurarte de que tus pertenencias personales est\u00e9n seguras en todo momento, y HostelFly no asume ninguna responsabilidad por la p\u00e9rdida, robo o da\u00f1o a la propiedad de los hu\u00e9spedes, independientemente de la causa o el da\u00f1o a la propiedad de HostelFly.<\/p>\n<p class=\"p1\">HostelFly se reserva el derecho de reembolsar cualquier da\u00f1o causado por un comportamiento inapropiado durante la estancia.<\/p>\n<p class=\"p1\">Se espera que los hu\u00e9spedes respeten a otros hu\u00e9spedes, al personal, a los residentes locales y a la propiedad. HostelFly se reserva el derecho de admisi\u00f3n y\/o expulsi\u00f3n sin ning\u00fan tipo de reembolso en caso de no respetar alguna de las normas o est\u00e1ndares de convivencia con otros hu\u00e9spedes o personal.<\/p>\n<p class=\"p1\">Si necesitas una plaza de aparcamiento, la zona es segura y no tiene costo.<\/p>\n<p class=\"p1\">El servicio de limpieza se realiza de 9:00 a 16:00 horas. Se realiza la limpieza diaria en todas las habitaciones y el cambio de s\u00e1banas solo se realiza en el d\u00eda de check-out.<\/p>\n<p class=\"p2\">Nuestro personal de mantenimiento revisa tu habitaci\u00f3n diariamente. Si observas algo en mal estado o fuera de servicio, o si necesitas recomendaciones de lugares para comer, visitar o tienes alguna pregunta durante tu estancia, puedes comunicarte con nuestra recepci\u00f3n disponible las 24 horas.<\/p>\n<p>[\/et_pb_text][\/et_pb_column][\/et_pb_row][\/et_pb_section]<\/p>","protected":false},"excerpt":{"rendered":"<p>INFORMACION GENERAL Te recomendamos que hagas tu reserva en nuestro sitio web utilizando el cup\u00f3n de descuento PROMO10 www.hostelfly.com. HOSTELFLY MADRID AIRPORT est\u00e1 abierto las 24 horas del d\u00eda. El acceso se realiza de forma totalmente independiente a trav\u00e9s de tu dispositivo m\u00f3vil utilizando la llave electr\u00f3nica que recibir\u00e1s una vez que completes el registro [&hellip;]<\/p>","protected":false},"author":1,"featured_media":0,"parent":0,"menu_order":0,"comment_status":"closed","ping_status":"closed","template":"","meta":{"_et_pb_use_builder":"on","_et_pb_old_content":"<!-- wp:divi\/placeholder \/-->","_et_gb_content_width":"","_joinchat":[],"footnotes":""},"class_list":["post-888","page","type-page","status-publish","hentry"],"_links":{"self":[{"href":"https:\/\/hostelfly.com\/de\/wp-json\/wp\/v2\/pages\/888","targetHints":{"allow":["GET"]}}],"collection":[{"href":"https:\/\/hostelfly.com\/de\/wp-json\/wp\/v2\/pages"}],"about":[{"href":"https:\/\/hostelfly.com\/de\/wp-json\/wp\/v2\/types\/page"}],"author":[{"embeddable":true,"href":"https:\/\/hostelfly.com\/de\/wp-json\/wp\/v2\/users\/1"}],"replies":[{"embeddable":true,"href":"https:\/\/hostelfly.com\/de\/wp-json\/wp\/v2\/comments?post=888"}],"version-history":[{"count":4,"href":"https:\/\/hostelfly.com\/de\/wp-json\/wp\/v2\/pages\/888\/revisions"}],"predecessor-version":[{"id":1006,"href":"https:\/\/hostelfly.com\/de\/wp-json\/wp\/v2\/pages\/888\/revisions\/1006"}],"wp:attachment":[{"href":"https:\/\/hostelfly.com\/de\/wp-json\/wp\/v2\/media?parent=888"}],"curies":[{"name":"wp","href":"https:\/\/api.w.org\/{rel}","templated":true}]}}