{"id":879,"date":"2023-07-12T03:08:31","date_gmt":"2023-07-12T02:08:31","guid":{"rendered":"https:\/\/hostelfly.com\/?page_id=879"},"modified":"2024-08-05T17:36:09","modified_gmt":"2024-08-05T16:36:09","slug":"terminos-y-condiciones-legales","status":"publish","type":"page","link":"https:\/\/hostelfly.com\/de\/terminos-y-condiciones-legales\/","title":{"rendered":"T\u00e9rminos y condiciones Legales"},"content":{"rendered":"<p>[et_pb_section fb_built=\u00bb1&#8243; theme_builder_area=\u00bbpost_content\u00bb _builder_version=\u00bb4.21.0&#8243; _module_preset=\u00bbdefault\u00bb][et_pb_row _builder_version=\u00bb4.21.0&#8243; _module_preset=\u00bbdefault\u00bb theme_builder_area=\u00bbpost_content\u00bb][et_pb_column _builder_version=\u00bb4.21.0&#8243; _module_preset=\u00bbdefault\u00bb type=\u00bb4_4&#8243; theme_builder_area=\u00bbpost_content\u00bb][et_pb_text _builder_version=\u00bb4.21.0&#8243; _module_preset=\u00bbdefault\u00bb theme_builder_area=\u00bbpost_content\u00bb hover_enabled=\u00bb0&#8243; sticky_enabled=\u00bb0&#8243;]<\/p>\n<h1>T\u00e9rminos y Condiciones Generales<\/h1>\n<p class=\"p1 translation-block\">Estas Condiciones Generales de Reserva (en adelante, \u00abCondiciones Generales\u00bb) establecen las normas que regulan la relaci\u00f3n comercial entre HOSTEL BARAJAS MADRID SL y el usuario o cliente que realice una reserva a trav\u00e9s de los formularios disponibles en el sitio web <a href=\"https:\/\/hostelfly.com\/de\/\" target=\"_self\"><span class=\"s1\">www.hostelfly.com<\/span><\/a>, propiedad de HOSTEL BARAJAS MADRID SL. Al realizar una reserva a trav\u00e9s de los sitios web de HOSTEL BARAJAS MADRID SL, el cliente o usuario expresa su aceptaci\u00f3n total y expresa de estas condiciones, as\u00ed como de las condiciones de uso aplicables a la navegaci\u00f3n en las p\u00e1ginas propiedad de HOSTEL BARAJAS MADRID SL. Estas condiciones ser\u00e1n aplicables sin perjuicio de la aplicaci\u00f3n de las leyes correspondientes a cada caso.<\/p>\n<p class=\"p1\">Las presentes Condiciones Generales de Contrataci\u00f3n regulan la relaci\u00f3n de venta a distancia entre HOSTEL BARAJAS MADRID SL y el usuario o cliente, de conformidad con las disposiciones legales, en particular la Ley 7\/1998, de 13 de abril, sobre Condiciones Generales de Contrataci\u00f3n; la Ley 3\/2014, de 27 de marzo, por la que se modifica el texto refundido de la Ley General para la Defensa de los Consumidores y Usuarios; la normativa vigente en materia de Protecci\u00f3n de Datos de Car\u00e1cter Personal; la Ley 7\/1996, de 15 de enero, de Ordenaci\u00f3n del Comercio Minorista; y la Ley 34\/2002, de 11 de julio, de Servicios de la Sociedad de la Informaci\u00f3n y Comercio Electr\u00f3nico.<\/p>\n<p class=\"p1\">HOSTEL BARAJAS MADRID SL se reserva el derecho de realizar modificaciones en las Condiciones Generales sin previo aviso. Estas modificaciones podr\u00e1n llevarse a cabo a trav\u00e9s de los sitios web de la empresa, mediante cualquier medio legalmente aceptable, y ser\u00e1n de obligado cumplimiento desde el momento en que se publiquen en el sitio web, hasta que sean v\u00e1lidamente modificadas por otras condiciones posteriores. No obstante, HOSTEL BARAJAS MADRID SL se reserva el derecho de aplicar, en determinados casos, Condiciones Particulares de Contrataci\u00f3n que prevalezcan sobre estas Condiciones Generales, anunci\u00e1ndolas en tiempo y forma adecuados.<\/p>\n<p class=\"p1\">Informaci\u00f3n previa a la reserva HOSTEL BARAJAS MADRID SL informa que el procedimiento de reserva a trav\u00e9s de sus sitios web se detalla en la secci\u00f3n correspondiente para la formalizaci\u00f3n de la reserva. Asimismo, HOSTEL BARAJAS MADRID SL proporciona acceso a las condiciones de uso en el mismo sitio web. Al realizar una reserva con HOSTEL BARAJAS MADRID SL a trav\u00e9s de su sitio web, el usuario o cliente declara expresamente que conoce, entiende y acepta dichas condiciones de uso y las Condiciones Generales. Adem\u00e1s, el usuario declara ser mayor de edad y tener la capacidad jur\u00eddica necesaria para acceder a los sitios web de HOSTEL BARAJAS MADRID SL y realizar la contrataci\u00f3n a trav\u00e9s de los mismos. El usuario es responsable de tratar de manera confidencial y responsable la identidad y la contrase\u00f1a obtenidas al registrarse como cliente, y no debe divulgarlas a terceros.<\/p>\n<p class=\"p1\">Una vez realizada la reserva, el usuario ver\u00e1 la confirmaci\u00f3n en pantalla, pudiendo imprimir este documento como comprobante de la reserva efectuada. Sin embargo, la confirmaci\u00f3n de reserva y el comprobante impreso no tendr\u00e1n validez como factura.<\/p>\n<p class=\"p1\">Funcionamiento de la reserva Oferta de reservas y precios De acuerdo con la normativa vigente, en particular la Ley 34\/2002 de servicios de la sociedad de la informaci\u00f3n y comercio electr\u00f3nico, HOSTEL BARAJAS MADRID SL proporciona informaci\u00f3n sobre todas las posibles reservas, sus caracter\u00edsticas y precios en la secci\u00f3n correspondiente para la formalizaci\u00f3n de la reserva. No obstante, HOSTEL BARAJAS MADRID SL se reserva el derecho de retirar, reponer o cambiar las ofertas que se ofrecen a los clientes a trav\u00e9s de su sitio web, mediante cambios en el contenido. De esta manera, los productos y servicios ofrecidos en cada momento en el sitio web de HOSTEL BARAJAS MADRID SL se regir\u00e1n por las Condiciones Generales vigentes en cada caso. Adem\u00e1s, la empresa puede dejar de ofrecer, sin previo aviso y en cualquier momento, el acceso a los productos y servicios mencionados.<\/p>\n<p class=\"p1\">Indicaci\u00f3n de precios Cada posible reserva ofrecida tendr\u00e1 un precio indicado, que incluir\u00e1, en su caso, el IVA u otros impuestos aplicables. Los precios indicados en pantalla ser\u00e1n los vigentes en cada momento, salvo error tipogr\u00e1fico. Si el precio difiere por el motivo mencionado, HOSTEL BARAJAS MADRID SL informar\u00e1 al cliente por correo electr\u00f3nico antes de realizar el cobro de la reserva.<\/p>\n<p class=\"p1\">Disponibilidad La disponibilidad de las ofertas ofrecidas por HOSTEL BARAJAS MADRID SL a trav\u00e9s de su sitio web puede variar seg\u00fan la demanda de los clientes. Aunque HOSTEL BARAJAS MADRID SL actualiza su base de datos peri\u00f3dicamente, la reserva solicitada por el cliente podr\u00eda no estar disponible en ese momento. En tal caso, HOSTEL BARAJAS MADRID SL enviar\u00e1 un correo electr\u00f3nico al cliente inform\u00e1ndole de la imposibilidad de ofrecer la reserva.<\/p>\n<p class=\"p1\">Formas de pago HOSTEL BARAJAS MADRID SL solicitar\u00e1 los datos de una tarjeta de cr\u00e9dito del titular de la reserva en las reservas realizadas a trav\u00e9s de su sitio web, con el fin de garantizar la efectividad de la misma. Se recuerda que el establecimiento no realiza ning\u00fan cargo en la tarjeta de cr\u00e9dito al realizar la reserva, ya que la tarjeta se utiliza \u00fanicamente como garant\u00eda. El establecimiento se reserva el derecho de verificar la validez de la tarjeta de cr\u00e9dito antes de la llegada del cliente.<\/p>\n<p class=\"p1\">El pago de la estancia se realizar\u00e1 dos d\u00edas antes del check-in. Al formalizar el pago, el cliente recibir\u00e1 un enlace con instrucciones para la llegada, que incluir\u00e1 la llave electr\u00f3nica para abrir las puertas del establecimiento, la habitaci\u00f3n y la taquilla. HOSTEL BARAJAS MADRID SL o su marca comercial HOSTELFLY solo aceptan pagos con tarjeta de cr\u00e9dito o, a solicitud expresa del cliente, en efectivo. La transferencia bancaria no es una opci\u00f3n v\u00e1lida para el pago de la estancia. La factura correspondiente a la reserva se enviar\u00e1 autom\u00e1ticamente por correo electr\u00f3nico despu\u00e9s del check-out.<\/p>\n<p class=\"p1\">Cancelaci\u00f3n de la reserva Si la cancelaci\u00f3n se realiza con al menos 72 horas de antelaci\u00f3n a la fecha de llegada, el establecimiento no realizar\u00e1 cargos. En caso de cancelar la reserva fuera de este plazo o de no presentarse, se cargar\u00e1 el importe de una noche en la tarjeta de cr\u00e9dito y se cancelar\u00e1 la reserva.<\/p>\n<p class=\"p1\">Tarifas no reembolsables Las condiciones de reserva para las habitaciones no reembolsables son diferentes a las condiciones generales del hostel. Se cargar\u00e1 el importe completo de la estancia en el momento de realizar la reserva. Este importe no es reembolsable y la reserva no se puede cambiar o cancelar.<\/p>\n<p class=\"p1\">Check-In \/ Check-Out El check-in se puede realizar a partir de las 14:00 horas. El check-out debe realizarse antes de las 11:00 horas del d\u00eda de salida.<\/p>\n<p class=\"p1\">Desistimiento Seg\u00fan lo establecido en el art\u00edculo 103 de la Ley 3\/2014, de 27 de marzo, por la que se modifica el texto refundido de la Ley General para la Defensa de los Consumidores y Usuarios, los suministros de servicios o bienes confeccionados conforme a las especificaciones del consumidor o claramente personalizados, o que, por su naturaleza, no puedan ser devueltos o puedan deteriorarse o caducar con rapidez, est\u00e1n exentos de desistimiento.<\/p>\n<p class=\"p1\">Protecci\u00f3n de datos HOSTEL BARAJAS MADRID SL informa que los datos personales proporcionados por el cliente ser\u00e1n incorporados a su sistema de tratamiento, con el fin de facilitar, agilizar y cumplir los compromisos establecidos entre ambas partes. HOSTEL BARAJAS MADRID SL se compromete a tratar los datos de manera l\u00edcita, leal, transparente, adecuada, pertinente, limitada, exacta y actualizada, adoptando todas las medidas razonables para que se supriman o rectifiquen sin demora en caso de ser inexactos. Los datos ser\u00e1n conservados durante el plazo estrictamente necesario para cumplir con los preceptos mencionados.<\/p>\n<p class=\"p1\">El cliente tiene derecho a acceder, rectificar, limitar el tratamiento, suprimir, portar y oponerse al tratamiento de sus datos personales, as\u00ed como a revocar el consentimiento prestado para el tratamiento de los mismos. Estos derechos pueden ejercerse dirigiendo la solicitud a la direcci\u00f3n postal o correo electr\u00f3nico proporcionados.<\/p>\n<p class=\"p2\">Legislaci\u00f3n y jurisdicci\u00f3n aplicable La relaci\u00f3n entre el usuario y HOSTEL BARAJAS MADRID SL se regir\u00e1 por la normativa vigente y aplicable en el territorio espa\u00f1ol. En caso de controversia, las partes podr\u00e1n someter sus conflictos a arbitraje o acudir a la jurisdicci\u00f3n ordinaria, cumpliendo con las normas sobre jurisdicci\u00f3n y competencia al respecto. HOSTEL BARAJAS MADRID SL tiene su domicilio en MADRID, Espa\u00f1a.<\/p>\n<p>[\/et_pb_text][\/et_pb_column][\/et_pb_row][\/et_pb_section]<\/p>","protected":false},"excerpt":{"rendered":"<p>T\u00e9rminos y Condiciones Generales Estas Condiciones Generales de Reserva (en adelante, \u00abCondiciones Generales\u00bb) establecen las normas que regulan la relaci\u00f3n comercial entre HOSTEL BARAJAS MADRID SL y el usuario o cliente que realice una reserva a trav\u00e9s de los formularios disponibles en el sitio web www.hostelfly.com, propiedad de HOSTEL BARAJAS MADRID SL. Al realizar una [&hellip;]<\/p>","protected":false},"author":1,"featured_media":0,"parent":0,"menu_order":0,"comment_status":"closed","ping_status":"closed","template":"","meta":{"_et_pb_use_builder":"on","_et_pb_old_content":"","_et_gb_content_width":"","_joinchat":[],"footnotes":""},"class_list":["post-879","page","type-page","status-publish","hentry"],"_links":{"self":[{"href":"https:\/\/hostelfly.com\/de\/wp-json\/wp\/v2\/pages\/879","targetHints":{"allow":["GET"]}}],"collection":[{"href":"https:\/\/hostelfly.com\/de\/wp-json\/wp\/v2\/pages"}],"about":[{"href":"https:\/\/hostelfly.com\/de\/wp-json\/wp\/v2\/types\/page"}],"author":[{"embeddable":true,"href":"https:\/\/hostelfly.com\/de\/wp-json\/wp\/v2\/users\/1"}],"replies":[{"embeddable":true,"href":"https:\/\/hostelfly.com\/de\/wp-json\/wp\/v2\/comments?post=879"}],"version-history":[{"count":3,"href":"https:\/\/hostelfly.com\/de\/wp-json\/wp\/v2\/pages\/879\/revisions"}],"predecessor-version":[{"id":996,"href":"https:\/\/hostelfly.com\/de\/wp-json\/wp\/v2\/pages\/879\/revisions\/996"}],"wp:attachment":[{"href":"https:\/\/hostelfly.com\/de\/wp-json\/wp\/v2\/media?parent=879"}],"curies":[{"name":"wp","href":"https:\/\/api.w.org\/{rel}","templated":true}]}}