{"id":598,"date":"2023-07-02T18:42:49","date_gmt":"2023-07-02T17:42:49","guid":{"rendered":"https:\/\/hostelfly.com\/?page_id=598"},"modified":"2026-03-27T13:48:02","modified_gmt":"2026-03-27T12:48:02","slug":"nuestras-hostel","status":"publish","type":"page","link":"https:\/\/hostelfly.com\/de\/nuestras-hostel\/","title":{"rendered":"Nuestro Hostel"},"content":{"rendered":"<p>[et_pb_section fb_built=\u00bb1&#8243; admin_label=\u00bbHeader\u00bb _builder_version=\u00bb4.21.0&#8243; _module_preset=\u00bbdefault\u00bb background_color=\u00bb#EBE4DD\u00bb background_image=\u00bbhttp:\/\/hostelfly.com\/wp-content\/uploads\/2023\/07\/muro-hormigon-blanco-1-scaled.jpg\u00bb parallax=\u00bbon\u00bb custom_padding=\u00bb||0px||false|false\u00bb collapsed=\u00bbon\u00bb global_colors_info=\u00bb{}\u00bb][et_pb_row _builder_version=\u00bb4.17.6&#8243; _module_preset=\u00bbdefault\u00bb global_colors_info=\u00bb{}\u00bb][et_pb_column type=\u00bb4_4&#8243; _builder_version=\u00bb4.17.6&#8243; _module_preset=\u00bbdefault\u00bb global_colors_info=\u00bb{}\u00bb][et_pb_text _builder_version=\u00bb4.21.0&#8243; _module_preset=\u00bbc16985e1-e0d6-4022-964d-e2bfc04fa633&#8243; header_font=\u00bbBarlow Condensed|700|||||||\u00bb header_text_color=\u00bb#000000&#8243; header_font_size=\u00bb75px\u00bb header_letter_spacing=\u00bb0.05em\u00bb header_line_height=\u00bb1.2em\u00bb header_font_size_tablet=\u00bb40px\u00bb header_font_size_phone=\u00bb24px\u00bb header_font_size_last_edited=\u00bbon|desktop\u00bb global_colors_info=\u00bb{}\u00bb]<\/p>\n<h1>Nuestro Hostel<\/h1>\n<p>[\/et_pb_text][\/et_pb_column][\/et_pb_row][et_pb_row column_structure=\u00bb1_2,1_2&#8243; _builder_version=\u00bb4.21.0&#8243; _module_preset=\u00bbdefault\u00bb custom_margin=\u00bb||30px||false|false\u00bb global_colors_info=\u00bb{}\u00bb][et_pb_column type=\u00bb1_2&#8243; _builder_version=\u00bb4.17.6&#8243; _module_preset=\u00bbdefault\u00bb global_colors_info=\u00bb{}\u00bb][et_pb_text _builder_version=\u00bb4.21.0&#8243; _module_preset=\u00bb4c43b4b6-66bf-432d-959a-705bda24a650&#8243; text_font=\u00bbOpen Sans||||||||\u00bb text_text_color=\u00bb#666666&#8243; text_font_size=\u00bb16px\u00bb text_line_height=\u00bb1.8em\u00bb link_text_color=\u00bb#666666&#8243; text_font_size_tablet=\u00bb15px\u00bb text_font_size_phone=\u00bb14px\u00bb text_font_size_last_edited=\u00bbon|phone\u00bb global_colors_info=\u00bb{}\u00bb]HOSTELFLY MADRID AIRPORT es el nuevo Hostel cerca del aeropuerto de Barajas Adolfo Su\u00e1rez en Madrid. Nuestro hostel ofrece una experiencia \u00fanica para los viajeros que desean una estancia c\u00f3moda y econ\u00f3mica.<\/p>\n<p>Todas nuestras habitaciones son compartidas y cuentan con ba\u00f1o y ducha privados, lo que garantiza la comodidad y privacidad de nuestros hu\u00e9spedes. Adem\u00e1s, cada persona dispone de una taquilla personal segura, accesible mediante tarjeta magn\u00e9tica o electr\u00f3nica a trav\u00e9s de su tel\u00e9fono m\u00f3vil.[\/et_pb_text][\/et_pb_column][et_pb_column type=\u00bb1_2&#8243; _builder_version=\u00bb4.21.0&#8243; _module_preset=\u00bbdefault\u00bb custom_padding=\u00bb||||false|false\u00bb global_colors_info=\u00bb{}\u00bb][et_pb_gallery gallery_ids=\u00bb851,850,849,848,845&#8243; fullwidth=\u00bbon\u00bb module_class=\u00bbpa-multi-line-highlight\u00bb _builder_version=\u00bb4.21.0&#8243; _module_preset=\u00bbdefault\u00bb auto=\u00bbon\u00bb auto_speed=\u00bb3000&#8243; global_colors_info=\u00bb{}\u00bb][\/et_pb_gallery][\/et_pb_column][\/et_pb_row][et_pb_row column_structure=\u00bb1_2,1_2&#8243; _builder_version=\u00bb4.21.0&#8243; _module_preset=\u00bbdefault\u00bb custom_margin=\u00bb||30px||false|false\u00bb global_colors_info=\u00bb{}\u00bb][et_pb_column type=\u00bb1_2&#8243; _builder_version=\u00bb4.21.0&#8243; _module_preset=\u00bbdefault\u00bb custom_padding=\u00bb||||false|false\u00bb global_colors_info=\u00bb{}\u00bb][et_pb_gallery gallery_ids=\u00bb842,840,839,841,838&#8243; fullwidth=\u00bbon\u00bb _builder_version=\u00bb4.21.0&#8243; _module_preset=\u00bbdefault\u00bb auto=\u00bbon\u00bb auto_speed=\u00bb3000&#8243; global_colors_info=\u00bb{}\u00bb][\/et_pb_gallery][\/et_pb_column][et_pb_column type=\u00bb1_2&#8243; _builder_version=\u00bb4.17.6&#8243; _module_preset=\u00bbdefault\u00bb global_colors_info=\u00bb{}\u00bb][et_pb_text _builder_version=\u00bb4.21.0&#8243; _module_preset=\u00bb4c43b4b6-66bf-432d-959a-705bda24a650&#8243; text_font=\u00bbOpen Sans||||||||\u00bb text_text_color=\u00bb#666666&#8243; text_font_size=\u00bb16px\u00bb text_line_height=\u00bb1.8em\u00bb link_text_color=\u00bb#666666&#8243; text_font_size_tablet=\u00bb15px\u00bb text_font_size_phone=\u00bb14px\u00bb text_font_size_last_edited=\u00bbon|phone\u00bb global_colors_info=\u00bb{}\u00bb]Nuestro hostel cuenta tambi\u00e9n con una cocina completamente equipada, donde los hu\u00e9spedes pueden preparar sus comidas. Adem\u00e1s, tenemos una hermosa terraza y una magn\u00edfica piscina donde pueden relajarse y disfrutar del buen clima.<\/p>\n<p>Nuestra recepci\u00f3n est\u00e1 abierta las 24 horas del d\u00eda, lo que significa que los hu\u00e9spedes pueden llegar a cualquier hora y siempre ser\u00e1n recibidos con amabilidad y atenci\u00f3n. Adem\u00e1s, ofrecemos una conexi\u00f3n WiFi de alta velocidad y proporcionamos ropa de cama para una estancia confortable.[\/et_pb_text][\/et_pb_column][\/et_pb_row][et_pb_row column_structure=\u00bb1_2,1_2&#8243; custom_padding_last_edited=\u00bbon|phone\u00bb _builder_version=\u00bb4.21.0&#8243; _module_preset=\u00bbdefault\u00bb background_color=\u00bb#ebe4dd\u00bb custom_padding=\u00bb60px|60px|60px|60px|true|true\u00bb custom_padding_tablet=\u00bb30px|30px|30px|30px|true|true\u00bb custom_padding_phone=\u00bb30px|20px|30px|20px|true|true\u00bb box_shadow_style=\u00bbpreset1&#8243; box_shadow_vertical=\u00bb40px\u00bb box_shadow_blur=\u00bb50px\u00bb box_shadow_color=\u00bbrgba(63,22,0,0.2)\u00bb global_colors_info=\u00bb{}\u00bb][et_pb_column type=\u00bb1_2&#8243; _builder_version=\u00bb4.17.6&#8243; _module_preset=\u00bbdefault\u00bb global_colors_info=\u00bb{}\u00bb][et_pb_gallery gallery_ids=\u00bb669,678,683,696&#8243; fullwidth=\u00bbon\u00bb _builder_version=\u00bb4.21.0&#8243; _module_preset=\u00bbdefault\u00bb auto=\u00bbon\u00bb auto_speed=\u00bb3000&#8243; global_colors_info=\u00bb{}\u00bb][\/et_pb_gallery][et_pb_text _builder_version=\u00bb4.21.0&#8243; _module_preset=\u00bb4c43b4b6-66bf-432d-959a-705bda24a650&#8243; text_font=\u00bbOpen Sans||||||||\u00bb text_text_color=\u00bb#666666&#8243; text_font_size=\u00bb16px\u00bb text_line_height=\u00bb1.8em\u00bb link_text_color=\u00bb#666666&#8243; text_orientation=\u00bbcenter\u00bb text_font_size_tablet=\u00bb15px\u00bb text_font_size_phone=\u00bb14px\u00bb text_font_size_last_edited=\u00bbon|phone\u00bb global_colors_info=\u00bb{}\u00bb]Nuestra ubicaci\u00f3n es ideal para aquellos que buscan descansar cerca del aeropuerto y tambi\u00e9n para aquellos que desean visitar la Feria de Madrid IFEMA. Estamos a solo 10 minutos a pie de la Terminal 3 del aeropuerto. Para llegar a nuestro hostel desde el aeropuerto, los hu\u00e9spedes pueden utilizar el metro l\u00ednea 8, tomar un taxi o utilizar aplicaciones de movilidad como UBER, Cabify o Bolt.[\/et_pb_text][et_pb_button button_url=\u00bbhttps:\/\/hotels.cloudbeds.com\/reservation\/pLTKWh\u00bb button_text=\u00bbReserva ahora\u00bb button_alignment=\u00bbcenter\u00bb button_alignment_tablet=\u00bbleft\u00bb button_alignment_phone=\u00bbleft\u00bb button_alignment_last_edited=\u00bbon|desktop\u00bb _builder_version=\u00bb4.21.0&#8243; _module_preset=\u00bbc9fe482c-2e2c-4f8c-9652-7702a242bc65&#8243; custom_button=\u00bbon\u00bb button_text_size=\u00bb18px\u00bb button_text_color=\u00bb#FFFFFF\u00bb button_bg_color=\u00bb#299DB5&#8243; button_border_width=\u00bb0px\u00bb button_border_radius=\u00bb0px\u00bb button_font=\u00bbBarlow Condensed|700||on|||||\u00bb button_icon=\u00bb&#x33;||divi||400&#8243; custom_margin=\u00bb||||false|false\u00bb custom_padding=\u00bb16px|24px|16px|24px|true|true\u00bb global_colors_info=\u00bb{}\u00bb][\/et_pb_button][\/et_pb_column][et_pb_column type=\u00bb1_2&#8243; _builder_version=\u00bb4.17.6&#8243; _module_preset=\u00bbdefault\u00bb global_colors_info=\u00bb{}\u00bb][et_pb_gallery gallery_ids=\u00bb857,858,859&#8243; fullwidth=\u00bbon\u00bb _builder_version=\u00bb4.21.0&#8243; _module_preset=\u00bbdefault\u00bb auto=\u00bbon\u00bb auto_speed=\u00bb3000&#8243; global_colors_info=\u00bb{}\u00bb][\/et_pb_gallery][et_pb_text _builder_version=\u00bb4.21.0&#8243; _module_preset=\u00bb4c43b4b6-66bf-432d-959a-705bda24a650&#8243; text_font=\u00bbOpen Sans||||||||\u00bb text_text_color=\u00bb#666666&#8243; text_font_size=\u00bb16px\u00bb text_line_height=\u00bb1.8em\u00bb link_text_color=\u00bb#666666&#8243; text_orientation=\u00bbcenter\u00bb text_font_size_tablet=\u00bb15px\u00bb text_font_size_phone=\u00bb14px\u00bb text_font_size_last_edited=\u00bbon|phone\u00bb global_colors_info=\u00bb{}\u00bb]En resumen, nuestro hostel ofrece un ambiente acogedor, instalaciones modernas y servicios convenientes para aquellos que buscan una estancia c\u00f3moda, econ\u00f3mica y cercana al aeropuerto. \u00a1Esperamos darles la bienvenida a nuestro nuevo y emocionante hostel![\/et_pb_text][et_pb_button button_url=\u00bbhttps:\/\/hotels.cloudbeds.com\/reservation\/pLTKWh\u00bb button_text=\u00bbReserva ahora\u00bb button_alignment=\u00bbcenter\u00bb button_alignment_tablet=\u00bbleft\u00bb button_alignment_phone=\u00bbleft\u00bb button_alignment_last_edited=\u00bbon|desktop\u00bb _builder_version=\u00bb4.21.0&#8243; _module_preset=\u00bbc9fe482c-2e2c-4f8c-9652-7702a242bc65&#8243; custom_button=\u00bbon\u00bb button_text_size=\u00bb18px\u00bb button_text_color=\u00bb#FFFFFF\u00bb button_bg_color=\u00bb#299DB5&#8243; button_border_width=\u00bb0px\u00bb button_border_radius=\u00bb0px\u00bb button_font=\u00bbBarlow Condensed|700||on|||||\u00bb button_icon=\u00bb&#x33;||divi||400&#8243; custom_margin=\u00bb||||false|false\u00bb custom_padding=\u00bb16px|24px|16px|24px|true|true\u00bb global_colors_info=\u00bb{}\u00bb][\/et_pb_button][\/et_pb_column][\/et_pb_row][\/et_pb_section][et_pb_section fb_built=\u00bb1&#8243; admin_label=\u00bbService\u00bb _builder_version=\u00bb4.17.6&#8243; _module_preset=\u00bbdefault\u00bb background_color=\u00bb#FAF5EF\u00bb collapsed=\u00bbon\u00bb global_colors_info=\u00bb{}\u00bb][et_pb_row column_structure=\u00bb1_2,1_2&#8243; _builder_version=\u00bb4.21.0&#8243; _module_preset=\u00bbdefault\u00bb global_colors_info=\u00bb{}\u00bb][et_pb_column type=\u00bb1_2&#8243; _builder_version=\u00bb4.21.0&#8243; _module_preset=\u00bbdefault\u00bb z_index=\u00bb10&#8243; custom_padding=\u00bb||||false|false\u00bb custom_padding_tablet=\u00bb|0%|30px||false|false\u00bb custom_padding_phone=\u00bb|0%|30px||false|false\u00bb custom_padding_last_edited=\u00bbon|tablet\u00bb global_colors_info=\u00bb{}\u00bb][et_pb_image src=\u00bbhttp:\/\/hostelfly.com\/wp-content\/uploads\/2023\/07\/230613-HOSTELFLY-Baja-074.jpg\u00bb title_text=\u00bb230613-HOSTELFLY Baja 074&#8243; _builder_version=\u00bb4.21.0&#8243; _module_preset=\u00bbdefault\u00bb custom_margin=\u00bb||||false|false\u00bb custom_margin_tablet=\u00bb|0%|||false|false\u00bb custom_margin_phone=\u00bb|-30%|||false|false\u00bb custom_margin_last_edited=\u00bbon|tablet\u00bb global_colors_info=\u00bb{}\u00bb][\/et_pb_image][et_pb_text _builder_version=\u00bb4.21.0&#8243; _module_preset=\u00bb1f09816e-184e-4ce5-a4cf-b39c52c423ca\u00bb text_font=\u00bbOpen Sans||||||||\u00bb text_text_color=\u00bb#666666&#8243; text_font_size=\u00bb16px\u00bb text_line_height=\u00bb1.8em\u00bb link_text_color=\u00bb#666666&#8243; custom_margin=\u00bb||0px||false|false\u00bb text_font_size_tablet=\u00bb15px\u00bb text_font_size_phone=\u00bb14px\u00bb text_font_size_last_edited=\u00bbon|phone\u00bb header_font_size_tablet=\u00bb55px\u00bb header_font_size_last_edited=\u00bboff|desktop\u00bb locked=\u00bboff\u00bb global_colors_info=\u00bb{}\u00bb]\u00c1rea com\u00fan disponible hasta las 11pm. La terraza, incluida la piscina, abre de 9:00 a 22:00 (si est\u00e1 disponible). Los menores que utlicen la piscina siempre deberan estar acompa\u00f1ados y vigilados por un adulto a su cargo, bajo su responsabilidad siempre.<\/p>\n<p>Tarjetas de habitaci\u00f3n, si las ha requerido, en la recepci\u00f3n (3 \u20ac en caso de p\u00e9rdida de la tarjeta).<\/p>\n<p>No est\u00e1 permitido beber ni comer dentro de las habitaciones.<\/p>\n<p>No se permite fumar en ning\u00fan espacio dentro del albergue, excepto la terraza.<\/p>\n<p>Mantenga limpios todos los pasillos de la habitaci\u00f3n<\/p>\n<p>Usa tu casillero para guardar tus maletas. Si necesita m\u00e1s espacio, puede utilizar nuestra sala de equipajes.[\/et_pb_text][et_pb_button button_url=\u00bbhttps:\/\/hotels.cloudbeds.com\/reservation\/pLTKWh\u00bb url_new_window=\u00bbon\u00bb button_text=\u00bbReserva ahora\u00bb button_alignment=\u00bbleft\u00bb button_alignment_tablet=\u00bbleft\u00bb button_alignment_phone=\u00bbleft\u00bb button_alignment_last_edited=\u00bbon|desktop\u00bb _builder_version=\u00bb4.21.0&#8243; _module_preset=\u00bbc9fe482c-2e2c-4f8c-9652-7702a242bc65&#8243; custom_button=\u00bbon\u00bb button_text_size=\u00bb18px\u00bb button_text_color=\u00bb#FFFFFF\u00bb button_bg_color=\u00bb#299DB5&#8243; button_border_width=\u00bb0px\u00bb button_border_radius=\u00bb0px\u00bb button_font=\u00bbBarlow Condensed|700||on|||||\u00bb button_icon=\u00bb&#x33;||divi||400&#8243; custom_margin=\u00bb40px||||false|false\u00bb custom_padding=\u00bb16px|24px|16px|24px|true|true\u00bb locked=\u00bboff\u00bb global_colors_info=\u00bb{}\u00bb][\/et_pb_button][\/et_pb_column][et_pb_column type=\u00bb1_2&#8243; _builder_version=\u00bb4.17.6&#8243; _module_preset=\u00bbdefault\u00bb global_colors_info=\u00bb{}\u00bb][et_pb_text _builder_version=\u00bb4.21.0&#8243; _module_preset=\u00bb4c43b4b6-66bf-432d-959a-705bda24a650&#8243; text_font=\u00bbOpen Sans||||||||\u00bb text_text_color=\u00bb#666666&#8243; text_font_size=\u00bb16px\u00bb text_line_height=\u00bb1.8em\u00bb link_text_color=\u00bb#666666&#8243; text_font_size_tablet=\u00bb15px\u00bb text_font_size_phone=\u00bb14px\u00bb text_font_size_last_edited=\u00bbon|phone\u00bb global_colors_info=\u00bb{}\u00bb]<\/p>\n<p>El horario de acceso a HOSTELFLY MADRID AIRPORT es 24h. El acceso se realiza de manera totalmente independiente desde su dispositivo m\u00f3vil mediante la llave electr\u00f3nica proporcionada una vez realizado el registro online obligatorio que se le enviar\u00e0 al email que ha proporcionado en el momento de la reserva.<\/p>\n<p><strong>Check-in<\/strong> \u2013 a partir de las 14h. Quienes lleguen antes de las 2:00 pm ser\u00e1n invitados a dejar sus pertenencias, si lo desean, en la sala de equipajes, pero el acceso a las habitaciones no se conceder\u00e1 antes de las 2 pm.<\/p>\n<p><strong>Check-out<\/strong> \u2013 a las 11h. (de lo contrario, se le pedir\u00e1 que pague por una noche adicional). En este momento, todas las posesiones deben ser retiradas de la habitaci\u00f3n. Si necesita guardar su equipaje el d\u00eda hasta su salida, utilice nuestra sala de equipajes. Si la salida se ha retrasado, se le pedir\u00e1 que pague una noche adicional, as\u00ed que aseg\u00farese de estar listo a tiempo.<\/p>\n<p>Las luces de la habitaci\u00f3n se encienden autom\u00e1ticamente a las 8am y se apagan a las 11pm. Hora de descanso: de 22 a 10 h. Por favor respeta el sue\u00f1o de todos.<\/p>\n<p>No se admiten menores de edad. Excepcionalmente, podr\u00e1n alojarse siempre que se reserve la habitaci\u00f3n completa.<\/p>\n<p>[\/et_pb_text][et_pb_image src=\u00bbhttp:\/\/hostelfly.com\/wp-content\/uploads\/2023\/07\/230613-HOSTELFLY-Baja-081.jpg\u00bb title_text=\u00bb230613-HOSTELFLY Baja 081&#8243; show_bottom_space=\u00bboff\u00bb _builder_version=\u00bb4.21.0&#8243; _module_preset=\u00bbdefault\u00bb custom_margin=\u00bb||||false|false\u00bb global_colors_info=\u00bb{}\u00bb][\/et_pb_image][\/et_pb_column][\/et_pb_row][\/et_pb_section][et_pb_section fb_built=\u00bb1&#8243; admin_label=\u00bbServices\u00bb _builder_version=\u00bb4.17.6&#8243; _module_preset=\u00bbdefault\u00bb background_color=\u00bb#FAF5EF\u00bb collapsed=\u00bbon\u00bb global_colors_info=\u00bb{}\u00bb][et_pb_row column_structure=\u00bb1_2,1_2&#8243; _builder_version=\u00bb4.21.0&#8243; _module_preset=\u00bbdefault\u00bb locked=\u00bboff\u00bb global_colors_info=\u00bb{}\u00bb][et_pb_column type=\u00bb1_2&#8243; _builder_version=\u00bb4.17.6&#8243; _module_preset=\u00bbdefault\u00bb global_colors_info=\u00bb{}\u00bb][et_pb_text _builder_version=\u00bb4.21.0&#8243; _module_preset=\u00bb4c43b4b6-66bf-432d-959a-705bda24a650&#8243; text_font=\u00bbOpen Sans||||||||\u00bb text_text_color=\u00bb#666666&#8243; text_font_size=\u00bb16px\u00bb text_line_height=\u00bb1.8em\u00bb link_text_color=\u00bb#666666&#8243; custom_margin=\u00bb||0px||false|false\u00bb text_font_size_tablet=\u00bb15px\u00bb text_font_size_phone=\u00bb14px\u00bb text_font_size_last_edited=\u00bbon|phone\u00bb global_colors_info=\u00bb{}\u00bb]Por favor, use solo su cama, el personal lo retirar\u00e1 si encuentra una cama vac\u00eda. (Cualquier cambio de cama debe notificarse al personal) Prohibido cambiar la cama o el armario sin permiso del personal<\/p>\n<p>La estancia m\u00e1xima es de 10 d\u00edas para nuestro establecimiento.<\/p>\n<p>Las personas que no est\u00e9n alojadas en el albergue no podr\u00e1n ingresar a las habitaciones ni utilizar ning\u00fan equipo o instalaci\u00f3n.<\/p>\n<h2><strong><\/strong><\/h2>\n<h2><strong>\u00c1rea de la cocina:<\/strong><\/h2>\n<ul>\n<li>Limpie los platos despu\u00e9s de usarlos<\/li>\n<li>Guarde todos los alimentos en una bolsa con la etiqueta de su habitaci\u00f3n, cama y fecha de salida. Se tirar\u00e1n los alimentos que no tengan una bolsa.<\/li>\n<li>La cocina est\u00e1 cerrada de 11 pm a 7 am.<\/li>\n<\/ul>\n<p>[\/et_pb_text][et_pb_button button_url=\u00bbhttps:\/\/hotels.cloudbeds.com\/reservation\/pLTKWh\u00bb url_new_window=\u00bbon\u00bb button_text=\u00bbReserva ahora\u00bb button_alignment=\u00bbleft\u00bb button_alignment_tablet=\u00bbleft\u00bb button_alignment_phone=\u00bbleft\u00bb button_alignment_last_edited=\u00bbon|desktop\u00bb _builder_version=\u00bb4.21.0&#8243; _module_preset=\u00bbc9fe482c-2e2c-4f8c-9652-7702a242bc65&#8243; custom_button=\u00bbon\u00bb button_text_size=\u00bb18px\u00bb button_text_color=\u00bb#FFFFFF\u00bb button_bg_color=\u00bb#299DB5&#8243; button_border_width=\u00bb0px\u00bb button_border_radius=\u00bb0px\u00bb button_font=\u00bbBarlow Condensed|700||on|||||\u00bb button_icon=\u00bb&#x33;||divi||400&#8243; custom_margin=\u00bb40px||||false|false\u00bb custom_padding=\u00bb16px|24px|16px|24px|true|true\u00bb locked=\u00bboff\u00bb global_colors_info=\u00bb{}\u00bb][\/et_pb_button][\/et_pb_column][et_pb_column type=\u00bb1_2&#8243; _builder_version=\u00bb4.17.6&#8243; _module_preset=\u00bbdefault\u00bb global_colors_info=\u00bb{}\u00bb][et_pb_text _builder_version=\u00bb4.21.0&#8243; _module_preset=\u00bb4c43b4b6-66bf-432d-959a-705bda24a650&#8243; text_font=\u00bbOpen Sans||||||||\u00bb text_text_color=\u00bb#666666&#8243; text_font_size=\u00bb16px\u00bb text_line_height=\u00bb1.8em\u00bb link_text_color=\u00bb#666666&#8243; custom_margin=\u00bb||0px||false|false\u00bb text_font_size_tablet=\u00bb15px\u00bb text_font_size_phone=\u00bb14px\u00bb text_font_size_last_edited=\u00bbon|phone\u00bb global_colors_info=\u00bb{}\u00bb]<\/p>\n<h2><strong>Propiedad personal<\/strong><\/h2>\n<p>Los armarios seguros est\u00e1n ubicados junto a cada cama dentro de su habitaci\u00f3n. Es responsabilidad del hu\u00e9sped asegurarse de que sus pertenencias personales est\u00e9n seguras en todo momento, y HostelFly no asume ninguna responsabilidad por la p\u00e9rdida, el robo o el da\u00f1o a la propiedad de los hu\u00e9spedes, sin importar el da\u00f1o o la causa a la propiedad de HostelFly.<br \/>\nSe reserva el derecho a\u00a0reembolsar a HostelFly\u00a0\u00a0por cualquier da\u00f1o causado por un comportamiento inadecuado durante la estancia.<br \/>\nSe espera que los hu\u00e9spedes respeten a otros hu\u00e9spedes, personal, residentes locales y propiedad .HostelFly\u00a0\u00a0se reserva el derecho de admisi\u00f3n y \/ o permanencia en caso de no respetar alguna de las normas. Los hu\u00e9spedes que no respeten las reglas del hostel o los est\u00e1ndares de vida con otros hu\u00e9spedes o personal, pueden ser expulsados \u200b\u200bSIN NING\u00daN TIPO DE REEMBOLSO[\/et_pb_text][\/et_pb_column][\/et_pb_row][et_pb_row column_structure=\u00bb1_2,1_2&#8243; _builder_version=\u00bb4.17.6&#8243; _module_preset=\u00bbdefault\u00bb locked=\u00bboff\u00bb global_colors_info=\u00bb{}\u00bb][et_pb_column type=\u00bb1_2&#8243; _builder_version=\u00bb4.17.6&#8243; _module_preset=\u00bbdefault\u00bb global_colors_info=\u00bb{}\u00bb][et_pb_image src=\u00bbhttp:\/\/hostelfly.com\/wp-content\/uploads\/2023\/07\/DSC6637.jpg\u00bb title_text=\u00bb_DSC6637&#8243; align=\u00bbcenter\u00bb _builder_version=\u00bb4.21.0&#8243; _module_preset=\u00bbdefault\u00bb global_colors_info=\u00bb{}\u00bb][\/et_pb_image][\/et_pb_column][et_pb_column type=\u00bb1_2&#8243; _builder_version=\u00bb4.17.6&#8243; _module_preset=\u00bbdefault\u00bb custom_padding_tablet=\u00bb30px||||false|false\u00bb custom_padding_phone=\u00bb30px||||false|false\u00bb custom_padding_last_edited=\u00bbon|tablet\u00bb global_colors_info=\u00bb{}\u00bb][et_pb_text _builder_version=\u00bb4.21.0&#8243; _module_preset=\u00bb4c43b4b6-66bf-432d-959a-705bda24a650&#8243; text_font=\u00bbOpen Sans||||||||\u00bb text_text_color=\u00bb#666666&#8243; text_font_size=\u00bb16px\u00bb text_line_height=\u00bb1.8em\u00bb link_text_color=\u00bb#666666&#8243; custom_margin=\u00bb||0px||false|false\u00bb text_font_size_tablet=\u00bb15px\u00bb text_font_size_phone=\u00bb14px\u00bb text_font_size_last_edited=\u00bbon|phone\u00bb global_colors_info=\u00bb{}\u00bb]<\/p>\n<p>Si necesita plaza de aparcamiento, la zona es segura y exenta de pago.<br \/>El servicio de limpieza se realiza de 9h a 16h. Se realiza limpieza diaria en todas las habitaciones, cambio de s\u00e1banas solo en el dia de check-out.<br \/>Nuestro personal de mantenimiento revisa diariamente su habitaci\u00f3n. Si observa algo en mal estado o fuera de servicio, o si desea recomendaciones de lugares para comer, visitar o tiene alguna duda durante su estancia, podr\u00e1 contactar con nuestra recepci\u00f3n 24h.<\/p>\n<p>[\/et_pb_text][et_pb_button button_url=\u00bbhttps:\/\/hotels.cloudbeds.com\/reservation\/pLTKWh\u00bb url_new_window=\u00bbon\u00bb button_text=\u00bbReserva ahora\u00bb button_alignment=\u00bbleft\u00bb button_alignment_tablet=\u00bbleft\u00bb button_alignment_phone=\u00bbleft\u00bb button_alignment_last_edited=\u00bbon|desktop\u00bb _builder_version=\u00bb4.21.0&#8243; _module_preset=\u00bbc9fe482c-2e2c-4f8c-9652-7702a242bc65&#8243; custom_button=\u00bbon\u00bb button_text_size=\u00bb18px\u00bb button_text_color=\u00bb#FFFFFF\u00bb button_bg_color=\u00bb#299DB5&#8243; button_border_width=\u00bb0px\u00bb button_border_radius=\u00bb0px\u00bb button_font=\u00bbBarlow Condensed|700||on|||||\u00bb button_icon=\u00bb&#x33;||divi||400&#8243; custom_margin=\u00bb40px||||false|false\u00bb custom_padding=\u00bb16px|24px|16px|24px|true|true\u00bb locked=\u00bboff\u00bb global_colors_info=\u00bb{}\u00bb][\/et_pb_button][\/et_pb_column][\/et_pb_row][\/et_pb_section][et_pb_section fb_built=\u00bb1&#8243; admin_label=\u00bbCall to Action\u00bb _builder_version=\u00bb4.21.0&#8243; _module_preset=\u00bbdefault\u00bb background_color=\u00bb#299DB5&#8243; locked=\u00bboff\u00bb collapsed=\u00bbon\u00bb global_colors_info=\u00bb{}\u00bb][et_pb_row _builder_version=\u00bb4.17.6&#8243; _module_preset=\u00bbdefault\u00bb max_width=\u00bb860px\u00bb global_colors_info=\u00bb{}\u00bb][et_pb_column type=\u00bb4_4&#8243; _builder_version=\u00bb4.17.6&#8243; _module_preset=\u00bbdefault\u00bb global_colors_info=\u00bb{}\u00bb][et_pb_text _builder_version=\u00bb4.21.0&#8243; _module_preset=\u00bbb327cbe4-b1d5-4b66-ad37-40c8f2f061ba\u00bb header_2_font=\u00bbBarlow Condensed|700|||||||\u00bb header_2_text_color=\u00bb#FFFFFF\u00bb header_2_font_size=\u00bb48px\u00bb header_2_line_height=\u00bb1.2em\u00bb text_orientation=\u00bbcenter\u00bb header_2_font_size_tablet=\u00bb32px\u00bb header_2_font_size_phone=\u00bb20px\u00bb header_2_font_size_last_edited=\u00bbon|desktop\u00bb global_colors_info=\u00bb{}\u00bb]<\/p>\n<h2>Al\u00f3jate en Madrid con Hostelfly<\/h2>\n<p>[\/et_pb_text][et_pb_button button_url=\u00bbhttps:\/\/hotels.cloudbeds.com\/reservation\/pLTKWh\u00bb url_new_window=\u00bbon\u00bb button_text=\u00bbReservar ahora\u00bb button_alignment=\u00bbcenter\u00bb _builder_version=\u00bb4.21.0&#8243; _module_preset=\u00bbf489fdc3-bf1e-40c7-852b-c42851d4acb9&#8243; custom_button=\u00bbon\u00bb button_text_size=\u00bb18px\u00bb button_text_color=\u00bb#000000&#8243; button_bg_color=\u00bb#FFFFFF\u00bb button_border_width=\u00bb0px\u00bb button_border_radius=\u00bb0px\u00bb button_font=\u00bbBarlow Condensed|700||on|||||\u00bb custom_padding=\u00bb16px|24px|16px|24px|true|true\u00bb global_colors_info=\u00bb{}\u00bb][\/et_pb_button][\/et_pb_column][\/et_pb_row][\/et_pb_section]<\/p>","protected":false},"excerpt":{"rendered":"<p>Nuestro HostelHOSTELFLY MADRID AIRPORT es el nuevo Hostel cerca del aeropuerto de Barajas Adolfo Su\u00e1rez en Madrid. Nuestro hostel ofrece una experiencia \u00fanica para los viajeros que desean una estancia c\u00f3moda y econ\u00f3mica. Todas nuestras habitaciones son compartidas y cuentan con ba\u00f1o y ducha privados, lo que garantiza la comodidad y privacidad de nuestros hu\u00e9spedes. [&hellip;]<\/p>","protected":false},"author":1,"featured_media":0,"parent":0,"menu_order":0,"comment_status":"closed","ping_status":"closed","template":"","meta":{"_et_pb_use_builder":"on","_et_pb_old_content":"","_et_gb_content_width":"","_joinchat":[],"footnotes":""},"class_list":["post-598","page","type-page","status-publish","hentry"],"_links":{"self":[{"href":"https:\/\/hostelfly.com\/de\/wp-json\/wp\/v2\/pages\/598","targetHints":{"allow":["GET"]}}],"collection":[{"href":"https:\/\/hostelfly.com\/de\/wp-json\/wp\/v2\/pages"}],"about":[{"href":"https:\/\/hostelfly.com\/de\/wp-json\/wp\/v2\/types\/page"}],"author":[{"embeddable":true,"href":"https:\/\/hostelfly.com\/de\/wp-json\/wp\/v2\/users\/1"}],"replies":[{"embeddable":true,"href":"https:\/\/hostelfly.com\/de\/wp-json\/wp\/v2\/comments?post=598"}],"version-history":[{"count":5,"href":"https:\/\/hostelfly.com\/de\/wp-json\/wp\/v2\/pages\/598\/revisions"}],"predecessor-version":[{"id":1004,"href":"https:\/\/hostelfly.com\/de\/wp-json\/wp\/v2\/pages\/598\/revisions\/1004"}],"wp:attachment":[{"href":"https:\/\/hostelfly.com\/de\/wp-json\/wp\/v2\/media?parent=598"}],"curies":[{"name":"wp","href":"https:\/\/api.w.org\/{rel}","templated":true}]}}